{"id":1015,"date":"2021-11-02T12:40:03","date_gmt":"2021-11-02T12:40:03","guid":{"rendered":"https:\/\/restaurantealfoz.pt\/2022\/the-surroundings\/"},"modified":"2025-05-26T11:03:59","modified_gmt":"2025-05-26T11:03:59","slug":"the-surroundings","status":"publish","type":"page","link":"https:\/\/restaurantealfoz.pt\/en\/the-surroundings\/","title":{"rendered":"The Surroundings"},"content":{"rendered":"<!--themify_builder_content-->\n<div id=\"themify_builder_content-1015\" data-postid=\"1015\" class=\"themify_builder_content themify_builder_content-1015 themify_builder tf_clear\">\n    \t<!-- module_row -->\n\t<div  data-lazy=\"1\" class=\"module_row themify_builder_row fullcover tb_jvta69 tb_first tf_clearfix\" >\n\t    \t\t<div class=\"row_inner col_align_top tf_box tf_w tf_rel\">\n\t\t\t<div  data-lazy=\"1\" class=\"module_column tb-column col-full first tb_ety870 tf_box\">\n\t    \t    \t        <div class=\"tb-column-inner tf_box tf_w\">\n\t\t    <!-- module fancy heading -->\n<div  class=\"module module-fancy-heading tb_aemv70  tb_hide_divider\" data-lazy=\"1\">\n        <h1 class=\"fancy-heading tf_textc\">\n    <span  class=\"main-head tf_block\">\n\tThe Surroundings    <\/span>\n    <span class=\"sub-head tf_block tf_rel\">\n\t    <\/span>\n\n    <\/h1>\n<\/div>\n<!-- \/module fancy heading -->\n<!-- module image -->\n<div  class=\"module module-image tb_tvcc70   image-center tf_mw\" data-lazy=\"1\">\n            <div class=\"image-wrap tf_rel tf_mw\">\n\t\t    <img src=\"https:\/\/restaurantealfoz.pt\/2022\/wp-content\/uploads\/2022\/11\/divisor_alfoz.png\" width=\"300\" height=\"21\" title=\"The Surroundings\" alt=\"The Surroundings\">\t\n\t\t<\/div>\n\t<!-- \/image-wrap -->\n    \n    \n<\/div>\n<!-- \/module image -->\t        <\/div>\n\t    \t<\/div>\n\t\t    <\/div>\n\t    <!-- \/row_inner -->\n\t<\/div>\n\t<!-- \/module_row -->\n\t\t<!-- module_row -->\n\t<div  data-lazy=\"1\" class=\"module_row themify_builder_row repeat-none tb_1ldx651 tf_clearfix\" >\n\t    \t\t<div class=\"row_inner col_align_top tf_box tf_w tf_rel\">\n\t\t\t<div  data-lazy=\"1\" class=\"module_column tb-column col-full first tb_obhd651 tf_box\">\n\t    \t    \t        <div class=\"tb-column-inner tf_box tf_w\">\n\t\t    <!-- module fancy heading -->\n<div  class=\"module module-fancy-heading tb_g873652  tb_hide_divider\" data-lazy=\"1\">\n        <h3 class=\"fancy-heading tf_textc\">\n    <span  class=\"main-head tf_block\">\n\tA Charming Village    <\/span>\n    <span class=\"sub-head tf_block tf_rel\">\n\tTradition lives here    <\/span>\n\n    <\/h3>\n<\/div>\n<!-- \/module fancy heading -->\n<!-- module image -->\n<div  class=\"module module-image tb_4zuh652   image-center tf_mw\" data-lazy=\"1\">\n            <div class=\"image-wrap tf_rel tf_mw\">\n\t\t    <img src=\"https:\/\/restaurantealfoz.pt\/2022\/wp-content\/uploads\/2022\/11\/divisor_alfoz.png\" width=\"300\" height=\"21\" title=\"The Surroundings\" alt=\"The Surroundings\">\t\n\t\t<\/div>\n\t<!-- \/image-wrap -->\n    \n    \n<\/div>\n<!-- \/module image -->\t        <\/div>\n\t    \t<\/div>\n\t\t    <\/div>\n\t    <!-- \/row_inner -->\n\t<\/div>\n\t<!-- \/module_row -->\n\t\t<!-- module_row -->\n\t<div  data-lazy=\"1\" class=\"module_row themify_builder_row repeat-none tb_w02m878 tf_clearfix\" >\n\t    \t\t<div class=\"row_inner col_align_top tf_box tf_w tf_rel\">\n\t\t\t<div  data-lazy=\"1\" class=\"module_column tb-column col4-2 first tb_svoy878 repeat tf_box\">\n\t    \t    \t        <div class=\"tb-column-inner tf_box tf_w\">\n\t\t    <!-- module text -->\n<div  class=\"module module-text tb_fcd7878  repeat \" data-lazy=\"1\">\n            <div  class=\"tb_text_wrap\">\n    <p>We are located in the beautiful village of Alcochete, a place that has always benefited from a unique landscape beauty. The Tagus River right here, embracing the village and receiving the most wonderful sunset that can be contemplated.<\/p>\n<p>There are words that say a lot about Alcochete, like the emblematic expression that defines the town: &#8220;The Light of Alcochete&#8221;. Here the Sun really has a different brightness and its &#8220;Sunset&#8221; seen from Alfoz remains forever in the memory of those who experience it!<\/p>    <\/div>\n<\/div>\n<!-- \/module text -->\t        <\/div>\n\t    \t<\/div>\n\t\t<div  data-lazy=\"1\" class=\"module_column tb-column col4-2 last tb_swuh878 tf_box\">\n\t    \t    \t        <div class=\"tb-column-inner tf_box tf_w\">\n\t\t    <!-- module text -->\n<div  class=\"module module-text tb_k87r879  repeat \" data-lazy=\"1\">\n            <div  class=\"tb_text_wrap\">\n    <div class=\"block two text-container\">\n<p>The location in the middle of the Tagus Estuary gives Alfoz an exceptional environment.<\/p>\n<p>Alcochete is not only breathtaking sceneries, like Praia dos Moinhos, or Salinas do Samouco. There is a lot of tradition, a lot of religious architectural buildings that are worth visiting such as the Church of S\u00e3o Jo\u00e3o Batista or the Church of Miseric\u00f3rdia, which people say was part of the former Palace of the Infantes of Beja, where D. Manuel I was born.<\/p>\n<p>The traditions, such as the Barrete Verde and Salinas Festivities, are the exponent of much popular and associative activity that characterizes this town.<\/p>\n<p>Be sure to taste the greatest exponent of Alcochete&#8217;s confectionery, the famous Foga\u00e7a de Alcochete. <\/p>\n<\/div>    <\/div>\n<\/div>\n<!-- \/module text -->\t        <\/div>\n\t    \t<\/div>\n\t\t    <\/div>\n\t    <!-- \/row_inner -->\n\t<\/div>\n\t<!-- \/module_row -->\n\t\t<!-- module_row -->\n\t<div  data-css_id=\"66d0518\" data-lazy=\"1\" class=\"module_row themify_builder_row fullcover fullwidth_row_container tb_66d0518 tf_clearfix\" >\n\t    <div class=\"tf_abs builder_row_cover\"><\/div>\t\t<div class=\"row_inner col_align_middle tf_box tf_w tf_rel\"  data-basecol=\"2\" data-col_tablet=\"column-full\" data-col_tablet_landscape=\"column4-2\">\n\t\t\t<div  data-lazy=\"1\" class=\"module_column tb-column col4-2 first tb_30632b1 fullcover tf_box\">\n\t    \t    \t<\/div>\n\t\t<div  data-lazy=\"1\" class=\"module_column tb-column col4-2 last tb_ccfce94 repeat tf_box\">\n\t    \t    \t        <div class=\"tb-column-inner tf_box tf_w\">\n\t\t    <!-- module text -->\n<div  class=\"module module-text tb_d0c116a  repeat \" data-lazy=\"1\">\n            <div  class=\"tb_text_wrap\">\n    <p><strong>The Alfoz Environment<\/strong><\/p>    <\/div>\n<\/div>\n<!-- \/module text --><!-- module text -->\n<div  class=\"module module-text tb_fuvo611  repeat  wow\" data-tf-animation=\"fadeInRight\" data-lazy=\"1\">\n            <div  class=\"tb_text_wrap\">\n    <h3>Barrete Verde and Salinas Festivities<\/h3>\n<div class=\"block two text-container\">\n<p>These are the longest days and nights in Alcochete!<\/p>\n<p>Nobody is indifferent to the traditional Barrete Verde and Salinas Festivities, and year after year, thousands and thousands of visitors come to our town in search of joy, excitement and fellowship!<\/p>\n<p class=\"text-align-justify\">Felt as the most genuine tradition in Alcochete, the Barrete Verde and Saltpans Festivities have their high point in the second weekend of August.<\/p>\n<p class=\"text-align-justify\">Nationally recognized for its charisma and bullfighting tradition, the Festivities are organized by the Aposento do Barrete Verde, in close collaboration with the City Council, maintaining and revitalizing year after year the strong festive tradition of this riverside people.<\/p>\n<\/div>\n<p>The Concerts and Shows every night, with one of the highlights, which is the Night of the Grilled Sardines, during which thousands of people follow joyfully behind the Charanga, filling the streets of the village with color and life, with choreographies created spontaneously and that last into the night, until the sunrise, are icons of these festivities.<\/p>\n<p>The Barrete Verde and Salinas Festivals are a mixture of feelings, emotion, and fun, where fado happens on every corner, flamenco echoes through alleys and lanes.<\/p>\n<p>Source: CMA<\/p>\n<p><strong><a href=\"https:\/\/www.cm-alcochete.pt\/visitar\/festas-feiras-e-romarias\/festas-do-barrete-verde-e-das-salinas\" target=\"_blank\" rel=\"noopener\">(read more)<\/a><\/strong><\/p>    <\/div>\n<\/div>\n<!-- \/module text -->\t        <\/div>\n\t    \t<\/div>\n\t\t    <\/div>\n\t    <!-- \/row_inner -->\n\t<\/div>\n\t<!-- \/module_row -->\n\t\t<!-- module_row -->\n\t<div  data-css_id=\"ycfs232\" data-lazy=\"1\" class=\"module_row themify_builder_row fullcover fullwidth_row_container tb_ycfs232 tf_clearfix\" >\n\t    \t\t<div class=\"row_inner col_align_middle tf_box tf_w tf_rel\"  data-basecol=\"2\" data-col_tablet=\"column-full\" data-col_tablet_landscape=\"column4-2\">\n\t\t\t<div  data-lazy=\"1\" class=\"module_column tb-column col4-2 first tb_59y5232 fullcover tf_box\">\n\t    \t    \t<\/div>\n\t\t<div  data-lazy=\"1\" class=\"module_column tb-column col4-2 last tb_2ych233 repeat tf_box\">\n\t    \t    \t        <div class=\"tb-column-inner tf_box tf_w\">\n\t\t    <!-- module text -->\n<div  class=\"module module-text tb_eidu233  repeat \" data-lazy=\"1\">\n            <div  class=\"tb_text_wrap\">\n    <p><strong>The Alfoz Environment<\/strong><\/p>    <\/div>\n<\/div>\n<!-- \/module text --><!-- module text -->\n<div  class=\"module module-text tb_6pih233  repeat  wow\" data-tf-animation=\"fadeInRight\" data-lazy=\"1\">\n            <div  class=\"tb_text_wrap\">\n    <h3>Salt Flats of Samouco<\/h3>\n<div class=\"block two text-container\">\n<p>This is one of the great riches of the Region.<\/p>\n<p>With a centennial history, the Salinas de Samouco are rooted in the genesis of what it is to be Alcochetano, creating in the body and soul of these men a way of being honored and with great respect for nature.<\/p>\n<p class=\"text-align-justify\">Comprising an area of 360 hectares, the Samouco Salt Plants Complex is a feeding, refuge, and nesting place for thousands of birds, where species such as the little tern, black-winged stilt, and the Kentish plover stand out.<\/p>\n<p>Currently, the Samouco Salt Plants are presented as the salt pan with the greatest richness and abundance of birds during high tide in the whole Tagus.<\/p>\n<p>Its proximity to the largest and most important wetland in Portugal, the Tagus Estuary, makes the salt pans a great place of shelter for many aquatic birds that during their migrations, find in the different ponds, a great place to feed and rest. Already in the nesting season, the birds find ideal conditions for breeding.<\/p>\n<p>The salt produced by the Foundation is certified and intended for different uses, namely, gastronomy, swimming pools, control and weed vegetation, and irrigation for glasswort production.<\/p>\n<p><strong>Fl\u00f4r de Sal<\/strong> forms on the surface of the crystallizers, is harvested by hand, and contains components that enrich its taste over any other salt, especially in salads, raw and grilled dishes.<\/p>\n<p>Source: CMA<\/p>\n<\/div>\n<p><strong><a href=\"https:\/\/www.cm-alcochete.pt\/visitar\/patrimonio-natural\/fundacao-das-salinas-do-samouco\" target=\"_blank\" rel=\"noopener\">(read more)<\/a><\/strong><\/p>    <\/div>\n<\/div>\n<!-- \/module text -->\t        <\/div>\n\t    \t<\/div>\n\t\t    <\/div>\n\t    <!-- \/row_inner -->\n\t<\/div>\n\t<!-- \/module_row -->\n\t\t<!-- module_row -->\n\t<div  data-css_id=\"r271474\" data-lazy=\"1\" class=\"module_row themify_builder_row fullcover fullwidth_row_container tb_r271474 tf_clearfix\" >\n\t    <div class=\"tf_abs builder_row_cover\"><\/div>\t\t<div class=\"row_inner col_align_middle tf_box tf_w tf_rel\"  data-basecol=\"2\" data-col_tablet=\"column-full\" data-col_tablet_landscape=\"column4-2\">\n\t\t\t<div  data-lazy=\"1\" class=\"module_column tb-column col4-2 first tb_p6gh474 fullcover tf_box\">\n\t    \t    \t<\/div>\n\t\t<div  data-lazy=\"1\" class=\"module_column tb-column col4-2 last tb_7dmd474 repeat tf_box\">\n\t    \t    \t        <div class=\"tb-column-inner tf_box tf_w\">\n\t\t    <!-- module text -->\n<div  class=\"module module-text tb_16vi474  repeat \" data-lazy=\"1\">\n            <div  class=\"tb_text_wrap\">\n    <p><strong>The Alfoz Environment<\/strong><\/p>    <\/div>\n<\/div>\n<!-- \/module text --><!-- module text -->\n<div  class=\"module module-text tb_oygv474  repeat  wow\" data-tf-animation=\"fadeInRight\" data-lazy=\"1\">\n            <div  class=\"tb_text_wrap\">\n    <h3>Foga\u00e7a de Alcochete<\/h3>\n<div class=\"block two text-container\">\n<p class=\"text-align-justify\">Confectionery has always been an important aspect in the Life of Alcochete and of Alcochetanos.<\/p>\n<p class=\"text-align-justify\">Among others, the candy that most speaks to the population, and if not the most, one of the most emblematic sweets of Alcochete is the foga\u00e7a.<\/p>\n<p class=\"text-align-justify\">From XV century, it is a cake that is always present in festivities and is much appreciated by all who have had the opportunity to taste it! With a strong taste of cinnamon and lemon, crispy on the outside but soft inside, the foga\u00e7a is related to the paschal feast of the Alcochete Seafarers&#8217; Shrine, which has in its origin a promise from the Alcochete boatmen to Our Lady of Atalaia after being saved from a storm at sea.<\/p>\n<p class=\"text-align-justify\">Since then the foga\u00e7as are an obligatory part of this Festival, and are auctioned on the Monday of the Cirio, continuing to assert themselves as a masterpiece of local sweets. It is a certified candy nowadays, and you can buy it in the best bakeries, pastry stores, and local stores.<\/p>\n<p>If you come to Alcochete it is mandatory to taste and take back in your luggage the famous Foga\u00e7a de Alcochete.<\/p>\n<p>Source: CMA<\/p>\n<p><strong><a href=\"https:\/\/www.cm-alcochete.pt\/newsletter-antiga\/noticia\/fogaca-de-alcochete-sabor-original-esta-certificada\" target=\"_blank\" rel=\"noopener\">(read more)<\/a><\/strong><\/p>\n<\/div>    <\/div>\n<\/div>\n<!-- \/module text -->\t        <\/div>\n\t    \t<\/div>\n\t\t    <\/div>\n\t    <!-- \/row_inner -->\n\t<\/div>\n\t<!-- \/module_row -->\n\t\t<!-- module_row -->\n\t<div  data-css_id=\"3aeb8f0\" data-lazy=\"1\" class=\"module_row themify_builder_row fullwidth tb_3aeb8f0 tf_clearfix\" >\n\t    \t\t<div class=\"row_inner col_align_bottom tf_box tf_w tf_rel\">\n\t\t\t<div  data-lazy=\"1\" style=\"width: 61%\" class=\"module_column tb-column col2-1 first tb_c952470 repeat tf_box\">\n\t    \t    \t        <div class=\"tb-column-inner tf_box tf_w\">\n\t\t    <!-- module text -->\n<div  class=\"module module-text tb_c75719c  repeat  wow\" data-tf-animation=\"fadeInLeft\" data-tf-animation_delay=\"1\" data-lazy=\"1\">\n            <div  class=\"tb_text_wrap\">\n    <p>Gastronomy<\/p>    <\/div>\n<\/div>\n<!-- \/module text --><!-- module text -->\n<div  class=\"module module-text tb_zun5975  repeat  wow\" data-tf-animation=\"fadeInLeft\" data-tf-animation_delay=\"2\" data-lazy=\"1\">\n            <div  class=\"tb_text_wrap\">\n    <p>Nature<\/p>    <\/div>\n<\/div>\n<!-- \/module text -->\t        <\/div>\n\t    \t<\/div>\n\t\t<div  data-lazy=\"1\" style=\"width: 35.8%\" class=\"module_column tb-column col2-1 last tb_eeca8a3 repeat tf_box\">\n\t    \t    \t        <div class=\"tb-column-inner tf_box tf_w\">\n\t\t    <!-- module text -->\n<div  class=\"module module-text tb_09le476  repeat  wow\" data-tf-animation=\"fadeInRight\" data-tf-animation_delay=\"1\" data-lazy=\"1\">\n            <div  class=\"tb_text_wrap\">\n    <p>Parties<\/p>    <\/div>\n<\/div>\n<!-- \/module text -->\t        <\/div>\n\t    \t<\/div>\n\t\t    <\/div>\n\t    <!-- \/row_inner -->\n\t<\/div>\n\t<!-- \/module_row -->\n\t\t<!-- module_row -->\n\t<div  data-css_id=\"fvf9783\" data-lazy=\"1\" class=\"module_row themify_builder_row builder-parallax-scrolling fullwidth_row_container tb_fvf9783 tf_clearfix\" >\n\t    <div class=\"tf_abs builder_row_cover\"><\/div>\t\t<div class=\"row_inner col_align_top tf_box tf_w tf_rel\">\n\t\t\t<div  data-lazy=\"1\" class=\"module_column tb-column col-full first tb_n0jn274 tf_box\">\n\t    \t    \t        <div class=\"tb-column-inner tf_box tf_w\">\n\t\t    <!-- module fancy heading -->\n<div  class=\"module module-fancy-heading tb_vl6f275  tb_hide_divider\" data-lazy=\"1\">\n        <h3 class=\"fancy-heading tf_textc\">\n    <span  class=\"main-head tf_block\">\n\tThe Alfoz    <\/span>\n    <span class=\"sub-head tf_block tf_rel\">\n\tA place of Cult, where Time passes quietly    <\/span>\n\n    <\/h3>\n<\/div>\n<!-- \/module fancy heading -->\n<!-- module image -->\n<div  class=\"module module-image tb_gqmo275   image-center tf_mw\" data-lazy=\"1\">\n            <div class=\"image-wrap tf_rel tf_mw\">\n\t\t    <img src=\"https:\/\/restaurantealfoz.pt\/2022\/wp-content\/uploads\/2022\/11\/divisor_alfoz.png\" width=\"300\" height=\"21\" title=\"The Surroundings\" alt=\"The Surroundings\">\t\n\t\t<\/div>\n\t<!-- \/image-wrap -->\n    \n    \n<\/div>\n<!-- \/module image --><!-- module buttons -->\n<div  class=\"module module-buttons tb_f0ei275 buttons-horizontal solid  large squared\" data-lazy=\"1\">\n            \t<div class=\"module-buttons-item tf_inline_b\">\n\t    \t\t    <a href=\"https:\/\/restaurantealfoz.pt\/contactos\/\" class=\"ui builder_button brown\" target=\"_blank\" rel=\"noopener\">\n\t\t\t\t        \t\t<span class=\"tf_inline_b tf_vmiddle\">BOOK A TABLE<\/span>\n\t\t    \t\t    \t\t    <\/a>\n\t\t        \t<\/div>\n\t    <\/div>\n<!-- \/module buttons -->\n\t        <\/div>\n\t    \t<\/div>\n\t\t    <\/div>\n\t    <!-- \/row_inner -->\n\t<\/div>\n\t<!-- \/module_row -->\n\t<\/div>\n<!--\/themify_builder_content-->","protected":false},"excerpt":{"rendered":"<p>A Envolvente Uma Vila EncantadoraA tradi\u00e7\u00e3o mora aqui Estamos localizados na bela Vila de Alcochete, local desde sempre beneficiado por uma beleza paisag\u00edstica \u00edmpar.\u00a0 O Rio Tejo aqui mesmo, abra\u00e7ando a Vila e recebendo o mais maravilhoso p\u00f4r-do-sol que se pode contemplar. H\u00e1 palavras que dizem muito sobre Alcochete, como a express\u00e3o emblem\u00e1tica que define [&hellip;]<\/p>\n","protected":false},"author":1,"featured_media":0,"parent":0,"menu_order":0,"comment_status":"closed","ping_status":"closed","template":"","meta":[],"_links":{"self":[{"href":"https:\/\/restaurantealfoz.pt\/en\/wp-json\/wp\/v2\/pages\/1015"}],"collection":[{"href":"https:\/\/restaurantealfoz.pt\/en\/wp-json\/wp\/v2\/pages"}],"about":[{"href":"https:\/\/restaurantealfoz.pt\/en\/wp-json\/wp\/v2\/types\/page"}],"author":[{"embeddable":true,"href":"https:\/\/restaurantealfoz.pt\/en\/wp-json\/wp\/v2\/users\/1"}],"replies":[{"embeddable":true,"href":"https:\/\/restaurantealfoz.pt\/en\/wp-json\/wp\/v2\/comments?post=1015"}],"version-history":[{"count":12,"href":"https:\/\/restaurantealfoz.pt\/en\/wp-json\/wp\/v2\/pages\/1015\/revisions"}],"predecessor-version":[{"id":1599,"href":"https:\/\/restaurantealfoz.pt\/en\/wp-json\/wp\/v2\/pages\/1015\/revisions\/1599"}],"wp:attachment":[{"href":"https:\/\/restaurantealfoz.pt\/en\/wp-json\/wp\/v2\/media?parent=1015"}],"curies":[{"name":"wp","href":"https:\/\/api.w.org\/{rel}","templated":true}]}}