{"id":1257,"date":"2019-02-13T07:32:02","date_gmt":"2019-02-13T07:32:02","guid":{"rendered":"https:\/\/restaurantealfoz.pt\/contact\/"},"modified":"2023-08-01T11:00:30","modified_gmt":"2023-08-01T11:00:30","slug":"contact","status":"publish","type":"page","link":"https:\/\/restaurantealfoz.pt\/fr\/contact\/","title":{"rendered":"Contact"},"content":{"rendered":"<!--themify_builder_content-->\n<div id=\"themify_builder_content-1257\" data-postid=\"1257\" class=\"themify_builder_content themify_builder_content-1257 themify_builder tf_clear\">\n    \t<!-- module_row -->\n\t<div  data-lazy=\"1\" class=\"module_row themify_builder_row fullcover tb_uefx332 tb_first tf_clearfix\" >\n\t    \t\t<div class=\"row_inner col_align_top tf_box tf_w tf_rel\">\n\t\t\t<div  data-lazy=\"1\" class=\"module_column tb-column col-full first tb_121n335 tf_box\">\n\t    \t    \t        <div class=\"tb-column-inner tf_box tf_w\">\n\t\t    <!-- module fancy heading -->\n<div  class=\"module module-fancy-heading tb_pfmj221  tb_hide_divider\" data-lazy=\"1\">\n        <h1 class=\"fancy-heading tf_textc\">\n    <span  class=\"main-head tf_block\">\n\tContact    <\/span>\n    <span class=\"sub-head tf_block tf_rel\">\n\t    <\/span>\n\n    <\/h1>\n<\/div>\n<!-- \/module fancy heading -->\n<!-- module image -->\n<div  class=\"module module-image tb_l0tz736   image-center tf_mw\" data-lazy=\"1\">\n            <div class=\"image-wrap tf_rel tf_mw\">\n\t\t    <img src=\"https:\/\/restaurantealfoz.pt\/2022\/wp-content\/uploads\/2022\/11\/divisor_alfoz.png\" width=\"300\" height=\"21\" title=\"Contact\" alt=\"Contact\">\t\n\t\t<\/div>\n\t<!-- \/image-wrap -->\n    \n    \n<\/div>\n<!-- \/module image -->\t        <\/div>\n\t    \t<\/div>\n\t\t    <\/div>\n\t    <!-- \/row_inner -->\n\t<\/div>\n\t<!-- \/module_row -->\n\t\t<!-- module_row -->\n\t<div  data-lazy=\"1\" class=\"module_row themify_builder_row repeat-none tb_3ott870 tf_clearfix\" >\n\t    \t\t<div class=\"row_inner col_align_top tf_box tf_w tf_rel\">\n\t\t\t<div  data-lazy=\"1\" class=\"module_column tb-column col-full first tb_bz9w873 tf_box\">\n\t    \t    \t        <div class=\"tb-column-inner tf_box tf_w\">\n\t\t    <!-- module fancy heading -->\n<div  class=\"module module-fancy-heading tb_ytc612  tb_hide_divider\" data-lazy=\"1\">\n        <h3 class=\"fancy-heading tf_textc\">\n    <span  class=\"main-head tf_block\">\n\tO\u00f9 nous sommes    <\/span>\n    <span class=\"sub-head tf_block tf_rel\">\n\tR\u00e9servez votre table***    <\/span>\n\n    <\/h3>\n<\/div>\n<!-- \/module fancy heading -->\n<!-- module image -->\n<div  class=\"module module-image tb_8lw1839   image-center tf_mw\" data-lazy=\"1\">\n            <div class=\"image-wrap tf_rel tf_mw\">\n\t\t    <img src=\"https:\/\/restaurantealfoz.pt\/2022\/wp-content\/uploads\/2022\/11\/divisor_alfoz.png\" width=\"300\" height=\"21\" title=\"Contact\" alt=\"Contact\">\t\n\t\t<\/div>\n\t<!-- \/image-wrap -->\n    \n    \n<\/div>\n<!-- \/module image -->\t        <\/div>\n\t    \t<\/div>\n\t\t    <\/div>\n\t    <!-- \/row_inner -->\n\t<\/div>\n\t<!-- \/module_row -->\n\t\t<!-- module_row -->\n\t<div  data-lazy=\"1\" class=\"module_row themify_builder_row repeat tb_avmx604 tf_clearfix\" >\n\t    \t\t<div class=\"row_inner col_align_top tf_box tf_w tf_rel\"  data-basecol=\"3\" data-col_tablet=\"column-full\" data-col_tablet_landscape=\"column3-1\">\n\t\t\t<div  data-lazy=\"1\" class=\"module_column tb-column col3-1 first tb_hyy3608 tf_box\">\n\t    \t    \t        <div class=\"tb-column-inner tf_box tf_w\">\n\t\t    <!-- module icon -->\n<div  class=\"module module-icon tb_vllj445  normal circle icon_horizontal tf_textc\" data-lazy=\"1\">\n            <div class=\"module-icon\">\n\t\t    <div class=\"module-icon-item tf_inline_b\">\n\t\t                \t\t    \t\t\t    <i class=\"ui tf_vmiddle tf_textc tf_box transparent\"><svg  aria-hidden=\"true\" class=\"tf_fa tf-ti-location-pin\"><use href=\"#tf-ti-location-pin\"><\/use><\/svg><\/i>\n\t\t                \t\t    \t\t\t<span class=\"tf_vmiddle\">Adresse<\/span>\n\t\t    \t\t    \t    <\/div>\n\t    <\/div>\n<\/div>\n<!-- \/module icon -->\n<!-- module text -->\n<div  class=\"module module-text tb_a5ts447  repeat \" data-lazy=\"1\">\n            <div  class=\"tb_text_wrap\">\n    <p style=\"text-align: center;\">Av. Dom Manuel I<br>2890-014 &#8211; Alcochete<\/p>    <\/div>\n<\/div>\n<!-- \/module text -->\t        <\/div>\n\t    \t<\/div>\n\t\t<div  data-lazy=\"1\" class=\"module_column tb-column col3-1 middle tb_osja744 tf_box\">\n\t    \t    \t        <div class=\"tb-column-inner tf_box tf_w\">\n\t\t    <!-- module icon -->\n<div  class=\"module module-icon tb_tybm448  normal circle icon_horizontal tf_textc\" data-lazy=\"1\">\n            <div class=\"module-icon\">\n\t\t    <div class=\"module-icon-item tf_inline_b\">\n\t\t                \t\t    \t\t\t    <i class=\"ui tf_vmiddle tf_textc tf_box transparent\"><svg  aria-hidden=\"true\" class=\"tf_fa tf-fas-fax\"><use href=\"#tf-fas-fax\"><\/use><\/svg><\/i>\n\t\t                \t\t    \t\t\t<span class=\"tf_vmiddle\">T\u00e9l\u00e9phone<\/span>\n\t\t    \t\t    \t    <\/div>\n\t    <\/div>\n<\/div>\n<!-- \/module icon -->\n<!-- module text -->\n<div  class=\"module module-text tb_l17j448  repeat \" data-lazy=\"1\">\n            <div  class=\"tb_text_wrap\">\n    <p style=\"text-align: center;\"><a href=\"tel:+351212340668\">(+351) <span class=\"LrzXr zdqRlf kno-fv\"><span aria-label=\"Ligar para o n\u00famero de telefone 21 234 0668\">212 340 668*<\/span><\/span><\/a><br \/><a href=\"tel:+351938097192\">(+351) 914 493 394*<span class=\"LrzXr zdqRlf kno-fv\"><span aria-label=\"Ligar para o n\u00famero de telefone 21 234 0668\">*<\/span><\/span><\/a><\/p>    <\/div>\n<\/div>\n<!-- \/module text -->\t<div  data-lazy=\"1\" class=\"module_subrow themify_builder_sub_row tb_ziqb69 tf_w tf_clearfix\">\n\t    \t\t<div class=\"subrow_inner col_align_top tf_box tf_w\">\n\t\t\t<div  data-lazy=\"1\" class=\"sub_column module_column tf_box col-full first tb_ij1b70\"> \n\t    \t    \t        <div class=\"tb-column-inner tf_box tf_w\">\n\t\t    <!-- module text -->\n<div  class=\"module module-text tb_n3b313   \" data-lazy=\"1\">\n            <div  class=\"tb_text_wrap\">\n    <p style=\"text-align: center;\">*** Les r\u00e9servations ne sont valides qu&rsquo;apr\u00e8s confirmation d&rsquo;Alfoz.<\/p>    <\/div>\n<\/div>\n<!-- \/module text -->\t        <\/div>\n\t    \t<\/div>\n\t\t    <\/div>\n\t<\/div><!-- \/themify_builder_sub_row -->\n\t\t        <\/div>\n\t    \t<\/div>\n\t\t<div  data-lazy=\"1\" class=\"module_column tb-column col3-1 last tb_6b3k745 tf_box\">\n\t    \t    \t        <div class=\"tb-column-inner tf_box tf_w\">\n\t\t    <!-- module icon -->\n<div  class=\"module module-icon tb_dge3448  normal circle icon_horizontal tf_textc\" data-lazy=\"1\">\n            <div class=\"module-icon\">\n\t\t    <div class=\"module-icon-item tf_inline_b\">\n\t\t                \t\t    \t\t\t    <i class=\"ui tf_vmiddle tf_textc tf_box transparent\"><svg  aria-hidden=\"true\" class=\"tf_fa tf-fas-hashtag\"><use href=\"#tf-fas-hashtag\"><\/use><\/svg><\/i>\n\t\t                \t\t    \t\t\t<span class=\"tf_vmiddle\">R\u00e9seaux sociaux<\/span>\n\t\t    \t\t    \t    <\/div>\n\t    <\/div>\n<\/div>\n<!-- \/module icon -->\n<!-- module icon -->\n<div  class=\"module module-icon tb_8wfz277  normal circle icon_horizontal tf_textc\" data-lazy=\"1\">\n            <div class=\"module-icon\">\n\t\t    <div class=\"module-icon-item tf_inline_b\">\n\t\t\t\t    <a href=\"https:\/\/www.facebook.com\/restaurantealfozlda\" rel=\"noopener\" target=\"_blank\">\n\t\t                    \t\t    \t\t\t    <i class=\"ui tf_vmiddle tf_textc tf_box transparent\"><svg  aria-hidden=\"true\" class=\"tf_fa tf-fab-facebook\"><use href=\"#tf-fab-facebook\"><\/use><\/svg><\/i>\n\t\t                \t\t    \t\t    \t\t    <\/a>\n\t\t\t    <\/div>\n\t\t    <div class=\"module-icon-item tf_inline_b\">\n\t\t\t\t    <a href=\"https:\/\/www.instagram.com\/restaurantealfoz\/\" rel=\"noopener\" target=\"_blank\">\n\t\t                    \t\t    \t\t\t    <i class=\"ui tf_vmiddle tf_textc tf_box transparent\"><svg  aria-hidden=\"true\" class=\"tf_fa tf-fab-instagram\"><use href=\"#tf-fab-instagram\"><\/use><\/svg><\/i>\n\t\t                \t\t    \t\t    \t\t    <\/a>\n\t\t\t    <\/div>\n\t\t    <div class=\"module-icon-item tf_inline_b\">\n\t\t\t\t    <a href=\"https:\/\/www.tripadvisor.pt\/Restaurant_Review-g616220-d6562516-Reviews-Restaurante_Alfoz-Alcochete_Setubal_District_Alentejo.html\" rel=\"noopener\" target=\"_blank\">\n\t\t                    \t\t    \t\t\t    <i class=\"ui tf_vmiddle tf_textc tf_box transparent\"><svg  aria-hidden=\"true\" class=\"tf_fa tf-fab-tripadvisor\"><use href=\"#tf-fab-tripadvisor\"><\/use><\/svg><\/i>\n\t\t                \t\t    \t\t    \t\t    <\/a>\n\t\t\t    <\/div>\n\t    <\/div>\n<\/div>\n<!-- \/module icon -->\n\t        <\/div>\n\t    \t<\/div>\n\t\t    <\/div>\n\t    <!-- \/row_inner -->\n\t<\/div>\n\t<!-- \/module_row -->\n\t\t<!-- module_row -->\n\t<div  data-css_id=\"xvok146\" data-lazy=\"1\" class=\"module_row themify_builder_row fullcover fullwidth tb_xvok146 tf_clearfix\" >\n\t    <div class=\"tf_abs builder_row_cover\"><\/div>\t\t<div class=\"row_inner col_align_top tf_box tf_w tf_rel\">\n\t\t\t<div  data-lazy=\"1\" class=\"module_column tb-column col-full first tb_rhq0149 fullcover tf_box\">\n\t    \t    \t        <div class=\"tb-column-inner tf_box tf_w\">\n\t\t    <!-- module text -->\n<div  class=\"module module-text tb_z3gv991   \" data-lazy=\"1\">\n            <div  class=\"tb_text_wrap\">\n    <p><iframe src=\"https:\/\/www.google.com\/maps\/embed?pb=!1m18!1m12!1m3!1d3492.555521910232!2d-8.969254506485699!3d38.75193036267619!2m3!1f0!2f0!3f0!3m2!1i1024!2i768!4f13.1!3m3!1m2!1s0xd193a354bfd60b7%3A0x8e8b0a7338101e01!2sAlfoz!5e0!3m2!1spt-PT!2spt!4v1668899164689!5m2!1spt-PT!2spt\" width=\"100%\" height=\"600\" style=\"border:0;\" allowfullscreen=\"\" loading=\"lazy\" referrerpolicy=\"no-referrer-when-downgrade\"><\/iframe><\/p>\n    <\/div>\n<\/div>\n<!-- \/module text -->\t        <\/div>\n\t    \t<\/div>\n\t\t    <\/div>\n\t    <!-- \/row_inner -->\n\t<\/div>\n\t<!-- \/module_row -->\n\t\t<!-- module_row -->\n\t<div  data-lazy=\"1\" class=\"module_row themify_builder_row repeat tb_r5da778 tf_clearfix\" >\n\t    \t\t<div class=\"row_inner col_align_top tf_box tf_w tf_rel\">\n\t\t\t<div  data-lazy=\"1\" class=\"module_column tb-column col-full first tb_la5u779 tf_box\">\n\t    \t    \t        <div class=\"tb-column-inner tf_box tf_w\">\n\t\t    <!-- module fancy heading -->\n<div  class=\"module module-fancy-heading tb_keyg779  tb_hide_divider\" data-lazy=\"1\">\n        <h3 class=\"fancy-heading tf_textc\">\n    <span  class=\"main-head tf_block\">\n\tA bras ouverts    <\/span>\n    <span class=\"sub-head tf_block tf_rel\">\n\t\"...ICI DEPUIS 30 ANS POUR VOUS SERVIR...\"    <\/span>\n\n    <\/h3>\n<\/div>\n<!-- \/module fancy heading -->\n<!-- module image -->\n<div  class=\"module module-image tb_r3jf779   image-center tf_mw\" data-lazy=\"1\">\n            <div class=\"image-wrap tf_rel tf_mw\">\n\t\t    <img src=\"https:\/\/restaurantealfoz.pt\/2022\/wp-content\/uploads\/2022\/11\/divisor_alfoz.png\" width=\"300\" height=\"21\" title=\"Contact\" alt=\"Contact\">\t\n\t\t<\/div>\n\t<!-- \/image-wrap -->\n    \n    \n<\/div>\n<!-- \/module image --><!-- module text -->\n<div  class=\"module module-text tb_l72k675   \" data-lazy=\"1\">\n            <div  class=\"tb_text_wrap\">\n    <p style=\"text-align: center;\"><strong>Fernando Pessoa et Jos\u00e9 Costa<\/strong><\/p>    <\/div>\n<\/div>\n<!-- \/module text -->\t        <\/div>\n\t    \t<\/div>\n\t\t    <\/div>\n\t    <!-- \/row_inner -->\n\t<\/div>\n\t<!-- \/module_row -->\n\t<\/div>\n<!--\/themify_builder_content-->","protected":false},"excerpt":{"rendered":"<p>Contact O\u00f9 nous sommesR\u00e9servez votre table*** Adresse Av. Dom Manuel I2890-014 &#8211; Alcochete T\u00e9l\u00e9phone (+351) 212 340 668*(+351) 914 493 394** *** Les r\u00e9servations ne sont valides qu&rsquo;apr\u00e8s confirmation d&rsquo;Alfoz. R\u00e9seaux sociaux A bras ouverts\u00ab\u00a0&#8230;ICI DEPUIS 30 ANS POUR VOUS SERVIR&#8230;\u00a0\u00bb Fernando Pessoa et Jos\u00e9 Costa<\/p>\n","protected":false},"author":1,"featured_media":0,"parent":0,"menu_order":0,"comment_status":"closed","ping_status":"closed","template":"","meta":[],"_links":{"self":[{"href":"https:\/\/restaurantealfoz.pt\/fr\/wp-json\/wp\/v2\/pages\/1257"}],"collection":[{"href":"https:\/\/restaurantealfoz.pt\/fr\/wp-json\/wp\/v2\/pages"}],"about":[{"href":"https:\/\/restaurantealfoz.pt\/fr\/wp-json\/wp\/v2\/types\/page"}],"author":[{"embeddable":true,"href":"https:\/\/restaurantealfoz.pt\/fr\/wp-json\/wp\/v2\/users\/1"}],"replies":[{"embeddable":true,"href":"https:\/\/restaurantealfoz.pt\/fr\/wp-json\/wp\/v2\/comments?post=1257"}],"version-history":[{"count":4,"href":"https:\/\/restaurantealfoz.pt\/fr\/wp-json\/wp\/v2\/pages\/1257\/revisions"}],"predecessor-version":[{"id":1344,"href":"https:\/\/restaurantealfoz.pt\/fr\/wp-json\/wp\/v2\/pages\/1257\/revisions\/1344"}],"wp:attachment":[{"href":"https:\/\/restaurantealfoz.pt\/fr\/wp-json\/wp\/v2\/media?parent=1257"}],"curies":[{"name":"wp","href":"https:\/\/api.w.org\/{rel}","templated":true}]}}