{"id":1265,"date":"2021-11-02T12:40:03","date_gmt":"2021-11-02T12:40:03","guid":{"rendered":"https:\/\/restaurantealfoz.pt\/les-environs\/"},"modified":"2023-02-10T21:27:48","modified_gmt":"2023-02-10T21:27:48","slug":"les-environs","status":"publish","type":"page","link":"https:\/\/restaurantealfoz.pt\/fr\/les-environs\/","title":{"rendered":"Les environs"},"content":{"rendered":"<!--themify_builder_content-->\n<div id=\"themify_builder_content-1265\" data-postid=\"1265\" class=\"themify_builder_content themify_builder_content-1265 themify_builder tf_clear\">\n    \t<!-- module_row -->\n\t<div  data-lazy=\"1\" class=\"module_row themify_builder_row fullcover tb_jvta69 tb_first tf_clearfix\" >\n\t    \t\t<div class=\"row_inner col_align_top tf_box tf_w tf_rel\">\n\t\t\t<div  data-lazy=\"1\" class=\"module_column tb-column col-full first tb_ety870 tf_box\">\n\t    \t    \t        <div class=\"tb-column-inner tf_box tf_w\">\n\t\t    <!-- module fancy heading -->\n<div  class=\"module module-fancy-heading tb_aemv70  tb_hide_divider\" data-lazy=\"1\">\n        <h1 class=\"fancy-heading tf_textc\">\n    <span  class=\"main-head tf_block\">\n\tLes environs    <\/span>\n    <span class=\"sub-head tf_block tf_rel\">\n\t    <\/span>\n\n    <\/h1>\n<\/div>\n<!-- \/module fancy heading -->\n<!-- module image -->\n<div  class=\"module module-image tb_tvcc70   image-center tf_mw\" data-lazy=\"1\">\n            <div class=\"image-wrap tf_rel tf_mw\">\n\t\t    <img src=\"https:\/\/restaurantealfoz.pt\/2022\/wp-content\/uploads\/2022\/11\/divisor_alfoz.png\" width=\"300\" height=\"21\" title=\"Les environs\" alt=\"Les environs\">\t\n\t\t<\/div>\n\t<!-- \/image-wrap -->\n    \n    \n<\/div>\n<!-- \/module image -->\t        <\/div>\n\t    \t<\/div>\n\t\t    <\/div>\n\t    <!-- \/row_inner -->\n\t<\/div>\n\t<!-- \/module_row -->\n\t\t<!-- module_row -->\n\t<div  data-lazy=\"1\" class=\"module_row themify_builder_row repeat-none tb_1ldx651 tf_clearfix\" >\n\t    \t\t<div class=\"row_inner col_align_top tf_box tf_w tf_rel\">\n\t\t\t<div  data-lazy=\"1\" class=\"module_column tb-column col-full first tb_obhd651 tf_box\">\n\t    \t    \t        <div class=\"tb-column-inner tf_box tf_w\">\n\t\t    <!-- module fancy heading -->\n<div  class=\"module module-fancy-heading tb_g873652  tb_hide_divider\" data-lazy=\"1\">\n        <h3 class=\"fancy-heading tf_textc\">\n    <span  class=\"main-head tf_block\">\n\tUn Village Charmant    <\/span>\n    <span class=\"sub-head tf_block tf_rel\">\n\tLa tradition vit ici    <\/span>\n\n    <\/h3>\n<\/div>\n<!-- \/module fancy heading -->\n<!-- module image -->\n<div  class=\"module module-image tb_4zuh652   image-center tf_mw\" data-lazy=\"1\">\n            <div class=\"image-wrap tf_rel tf_mw\">\n\t\t    <img src=\"https:\/\/restaurantealfoz.pt\/2022\/wp-content\/uploads\/2022\/11\/divisor_alfoz.png\" width=\"300\" height=\"21\" title=\"Les environs\" alt=\"Les environs\">\t\n\t\t<\/div>\n\t<!-- \/image-wrap -->\n    \n    \n<\/div>\n<!-- \/module image -->\t        <\/div>\n\t    \t<\/div>\n\t\t    <\/div>\n\t    <!-- \/row_inner -->\n\t<\/div>\n\t<!-- \/module_row -->\n\t\t<!-- module_row -->\n\t<div  data-lazy=\"1\" class=\"module_row themify_builder_row repeat-none tb_w02m878 tf_clearfix\" >\n\t    \t\t<div class=\"row_inner col_align_top tf_box tf_w tf_rel\">\n\t\t\t<div  data-lazy=\"1\" class=\"module_column tb-column col4-2 first tb_svoy878 repeat tf_box\">\n\t    \t    \t        <div class=\"tb-column-inner tf_box tf_w\">\n\t\t    <!-- module text -->\n<div  class=\"module module-text tb_fcd7878  repeat \" data-lazy=\"1\">\n            <div  class=\"tb_text_wrap\">\n    <p>Nous sommes situ\u00e9s dans la belle ville d&rsquo;Alcochete, un lieu qui a toujours b\u00e9n\u00e9fici\u00e9 d&rsquo;une beaut\u00e9 paysag\u00e8re unique. Le fleuve Tage, ici m\u00eame, embrasse le Village et re\u00e7oit le plus merveilleux coucher de soleil que l&rsquo;on puisse contempler.<\/p>\n<p>Il y a des mots qui en disent long sur Alcochete, comme l&rsquo;expression embl\u00e9matique qui d\u00e9finit la ville : \u00ab\u00a0La Lumi\u00e8re d&rsquo;Alcochete\u00a0\u00bb. Ici, le soleil brille vraiment et son \u00ab\u00a0coucher de soleil\u00a0\u00bb vu d&rsquo;Alfoz reste \u00e0 jamais dans la m\u00e9moire de ceux qui le vivent !<\/p>    <\/div>\n<\/div>\n<!-- \/module text -->\t        <\/div>\n\t    \t<\/div>\n\t\t<div  data-lazy=\"1\" class=\"module_column tb-column col4-2 last tb_swuh878 tf_box\">\n\t    \t    \t        <div class=\"tb-column-inner tf_box tf_w\">\n\t\t    <!-- module text -->\n<div  class=\"module module-text tb_k87r879  repeat \" data-lazy=\"1\">\n            <div  class=\"tb_text_wrap\">\n    <div class=\"block two text-container\">\n<p>Sa situation en plein milieu de l&rsquo;estuaire du Tage conf\u00e8re \u00e0 Alfoz un cadre exceptionnel.<\/p>\n<p>Alcochete, ce n&rsquo;est pas seulement des paysages \u00e0 couper le souffle, comme Praia dos Moinhos, ou Salinas do Samouco. Il y a beaucoup de tradition, beaucoup d&rsquo;architecture religieuse qui m\u00e9rite d&rsquo;\u00eatre visit\u00e9e, comme l&rsquo;\u00e9glise de S\u00e3o Jo\u00e3o Batista ou l&rsquo;\u00e9glise de Miseric\u00f3rdia, dont on dit qu&rsquo;elle faisait partie de l&rsquo;ancien palais des Infants de Beja, o\u00f9 est n\u00e9 le roi Manuel Ier.<\/p>\n<p>Les traditions, comme la Barrete Verde et les F\u00eates de Salinas, sont l&rsquo;expression d&rsquo;une grande activit\u00e9 populaire et associative qui caract\u00e9rise ce Village.<\/p>\n<p>Ne manquez pas l&rsquo;occasion de d\u00e9guster la meilleure confiserie d&rsquo;Alcochete, la c\u00e9l\u00e8bre Foga\u00e7a de Alcochete. <\/p>\n<\/div>    <\/div>\n<\/div>\n<!-- \/module text -->\t        <\/div>\n\t    \t<\/div>\n\t\t    <\/div>\n\t    <!-- \/row_inner -->\n\t<\/div>\n\t<!-- \/module_row -->\n\t\t<!-- module_row -->\n\t<div  data-css_id=\"66d0518\" data-lazy=\"1\" class=\"module_row themify_builder_row fullcover fullwidth_row_container tb_66d0518 tf_clearfix\" >\n\t    <div class=\"tf_abs builder_row_cover\"><\/div>\t\t<div class=\"row_inner col_align_middle tf_box tf_w tf_rel\"  data-basecol=\"2\" data-col_tablet=\"column-full\" data-col_tablet_landscape=\"column4-2\">\n\t\t\t<div  data-lazy=\"1\" class=\"module_column tb-column col4-2 first tb_30632b1 fullcover tf_box\">\n\t    \t    \t<\/div>\n\t\t<div  data-lazy=\"1\" class=\"module_column tb-column col4-2 last tb_ccfce94 repeat tf_box\">\n\t    \t    \t        <div class=\"tb-column-inner tf_box tf_w\">\n\t\t    <!-- module text -->\n<div  class=\"module module-text tb_d0c116a  repeat \" data-lazy=\"1\">\n            <div  class=\"tb_text_wrap\">\n    <p><strong>L&rsquo;environnement d&rsquo;Alfoz<\/strong><\/p>    <\/div>\n<\/div>\n<!-- \/module text --><!-- module text -->\n<div  class=\"module module-text tb_fuvo611  repeat  wow\" data-tf-animation=\"fadeInRight\" data-lazy=\"1\">\n            <div  class=\"tb_text_wrap\">\n    <h3>Festivit\u00e9s de Barrete Verde et de Saltpans<\/h3>\n<div class=\"block two text-container\">\n<p>Ce sont les jours et les nuits les plus longs \u00e0 Alcochete !<\/p>\n<p>Personne ne reste indiff\u00e9rent aux traditionnelles Festas do Barrete Verde et Salinas. Ann\u00e9e apr\u00e8s ann\u00e9e, des milliers et des milliers de visiteurs viennent dans notre ville \u00e0 la recherche de joie, d&rsquo;excitation et de fraternit\u00e9 !<\/p>\n<p class=\"text-align-justify\">Ressenties comme la tradition la plus authentique d&rsquo;Alcochete, les F\u00eates de la Barrete Verde et des Saltpans connaissent leur apog\u00e9e le deuxi\u00e8me week-end d&rsquo;ao\u00fbt.<\/p>\n<p class=\"text-align-justify\">Reconnues au niveau national pour leur charisme et leur tradition taurine, les F\u00eates sont organis\u00e9es par l&rsquo;Aposento do Barrete Verde, en \u00e9troite collaboration avec le Conseil Municipal, maintenant et revitalisant ann\u00e9e apr\u00e8s ann\u00e9e la forte tradition festive de cette ville riveraine.<\/p>\n<\/div>\n<p>Les concerts et les spectacles tous les soirs, avec l&rsquo;un des moments forts qui est la Nuit des sardines grill\u00e9es, pendant laquelle des milliers de personnes suivent joyeusement la Charanga, remplissant de couleurs et de vie les rues du village, avec des chor\u00e9graphies cr\u00e9\u00e9es de mani\u00e8re spontan\u00e9e et qui durent jusqu&rsquo;au lever du soleil, sont les ic\u00f4nes de ces F\u00eates.<\/p>\n<p>Les F\u00eates de Barrete Verde et Salinas sont un m\u00e9lange de sentiments, d&rsquo;\u00e9motion et de plaisir, o\u00f9 le fado est jou\u00e9 \u00e0 chaque coin de rue, le flamenco r\u00e9sonne dans les ruelles et les chemins.<\/p>\n<p>Source : CMA<\/p>\n<p><strong><a href=\"https:\/\/www.cm-alcochete.pt\/visitar\/festas-feiras-e-romarias\/festas-do-barrete-verde-e-das-salinas\" target=\"_blank\" rel=\"noopener\">(lire plus)<\/a><\/strong><\/p>    <\/div>\n<\/div>\n<!-- \/module text -->\t        <\/div>\n\t    \t<\/div>\n\t\t    <\/div>\n\t    <!-- \/row_inner -->\n\t<\/div>\n\t<!-- \/module_row -->\n\t\t<!-- module_row -->\n\t<div  data-css_id=\"ycfs232\" data-lazy=\"1\" class=\"module_row themify_builder_row fullcover fullwidth_row_container tb_ycfs232 tf_clearfix\" >\n\t    \t\t<div class=\"row_inner col_align_middle tf_box tf_w tf_rel\"  data-basecol=\"2\" data-col_tablet=\"column-full\" data-col_tablet_landscape=\"column4-2\">\n\t\t\t<div  data-lazy=\"1\" class=\"module_column tb-column col4-2 first tb_59y5232 fullcover tf_box\">\n\t    \t    \t<\/div>\n\t\t<div  data-lazy=\"1\" class=\"module_column tb-column col4-2 last tb_2ych233 repeat tf_box\">\n\t    \t    \t        <div class=\"tb-column-inner tf_box tf_w\">\n\t\t    <!-- module text -->\n<div  class=\"module module-text tb_eidu233  repeat \" data-lazy=\"1\">\n            <div  class=\"tb_text_wrap\">\n    <p><strong>L&rsquo;environnement d&rsquo;Alfoz<\/strong><\/p>    <\/div>\n<\/div>\n<!-- \/module text --><!-- module text -->\n<div  class=\"module module-text tb_6pih233  repeat  wow\" data-tf-animation=\"fadeInRight\" data-lazy=\"1\">\n            <div  class=\"tb_text_wrap\">\n    <h3>Marais Salants de Samouco<\/h3>\n<div class=\"block two text-container\">\n<p>C&rsquo;est l&rsquo;une des grandes richesses de la R\u00e9gion.<\/p>\n<p>Avec une histoire centenaire, les Marais Salants de Samouco sont enracin\u00e9es dans la gen\u00e8se de ce que c&rsquo;est qu&rsquo;\u00eatre Alcochetano, cr\u00e9ant dans le corps et l&rsquo;\u00e2me de ces hommes une mani\u00e8re d&rsquo;\u00eatre honor\u00e9e et avec un grand respect pour la Nature.<\/p>\n<p class=\"text-align-justify\">D&rsquo;une superficie de 360 hectares, le complexe des Marais Salants de Samouco est un lieu d&rsquo;alimentation, de refuge et de nidification pour des milliers d&rsquo;oiseaux, o\u00f9 se distinguent des esp\u00e8ces comme la sterne naine, l&rsquo;\u00e9chasse blanche et le pluvier kildir.<\/p>\n<p>Les Marais Salants de Samouco sont actuellement les salines qui pr\u00e9sentent la plus grande richesse et abondance d&rsquo;oiseaux \u00e0 mar\u00e9e haute dans le Tage.<\/p>\n<p>Sa proximit\u00e9 avec la zone humide la plus grande et la plus importante du Portugal, l&rsquo;estuaire du Tage, fait des salines un grand lieu de refuge pour de nombreux oiseaux aquatiques qui, lors de leurs migrations, trouvent dans les diff\u00e9rents \u00e9tangs, un endroit id\u00e9al pour se nourrir et se reposer. D\u00e8s la saison de nidification, les oiseaux trouvent des conditions id\u00e9ales pour se reproduire.<\/p>\n<p>Le sel produit par la Fondation est certifi\u00e9 et a diff\u00e9rentes utilisations, notamment dans la gastronomie, les piscines, le contr\u00f4le des mauvaises herbes et l&rsquo;irrigation pour la production de salicorne.<\/p>\n<p>Le <strong>Fl\u00f4r de Sal<\/strong> se forme \u00e0 la surface du cristallisoir, est recueilli \u00e0 la main et contient des composants qui enrichissent son go\u00fbt par rapport \u00e0 tout autre sel, notamment dans les salades, les plats crus et les grillades.<\/p>\n<p>Source : CMA<\/p>\n<\/div>\n<p><strong><a href=\"https:\/\/www.cm-alcochete.pt\/visitar\/patrimonio-natural\/fundacao-das-salinas-do-samouco\" target=\"_blank\" rel=\"noopener\">(lire plus)<\/a><\/strong><\/p>    <\/div>\n<\/div>\n<!-- \/module text -->\t        <\/div>\n\t    \t<\/div>\n\t\t    <\/div>\n\t    <!-- \/row_inner -->\n\t<\/div>\n\t<!-- \/module_row -->\n\t\t<!-- module_row -->\n\t<div  data-css_id=\"r271474\" data-lazy=\"1\" class=\"module_row themify_builder_row fullcover fullwidth_row_container tb_r271474 tf_clearfix\" >\n\t    <div class=\"tf_abs builder_row_cover\"><\/div>\t\t<div class=\"row_inner col_align_middle tf_box tf_w tf_rel\"  data-basecol=\"2\" data-col_tablet=\"column-full\" data-col_tablet_landscape=\"column4-2\">\n\t\t\t<div  data-lazy=\"1\" class=\"module_column tb-column col4-2 first tb_p6gh474 fullcover tf_box\">\n\t    \t    \t<\/div>\n\t\t<div  data-lazy=\"1\" class=\"module_column tb-column col4-2 last tb_7dmd474 repeat tf_box\">\n\t    \t    \t        <div class=\"tb-column-inner tf_box tf_w\">\n\t\t    <!-- module text -->\n<div  class=\"module module-text tb_16vi474  repeat \" data-lazy=\"1\">\n            <div  class=\"tb_text_wrap\">\n    <p><strong>L&rsquo;environnement d&rsquo;Alfoz<\/strong><\/p>    <\/div>\n<\/div>\n<!-- \/module text --><!-- module text -->\n<div  class=\"module module-text tb_oygv474  repeat  wow\" data-tf-animation=\"fadeInRight\" data-lazy=\"1\">\n            <div  class=\"tb_text_wrap\">\n    <h3>Foga\u00e7a de Alcochete<\/h3>\n<div class=\"block two text-container\">\n<p class=\"text-align-justify\">La confiserie a toujours \u00e9t\u00e9 un aspect important dans la vie d&rsquo;Alcochete et des Alcochetanos.<\/p>\n<p class=\"text-align-justify\">Parmi d&rsquo;autres, le bonbon qui dit le plus \u00e0 la population, et sinon le plus, un des bonbons les plus embl\u00e9matiques d&rsquo;Alcochete est la foga\u00e7a.<\/p>\n<p class=\"text-align-justify\">Un g\u00e2teau du 16\u00e8me si\u00e8cle qui est toujours pr\u00e9sent dans les festivit\u00e9s et qui est tr\u00e8s appr\u00e9ci\u00e9 par tous ceux qui ont eu l&rsquo;occasion de le d\u00e9guster ! Avec un go\u00fbt prononc\u00e9 de cannelle et de citron, croquante \u00e0 l&rsquo;ext\u00e9rieur mais moelleuse \u00e0 l&rsquo;int\u00e9rieur, la foga\u00e7a est li\u00e9e \u00e0 la f\u00eate pascale de la cr\u00e8che des marins d&rsquo;Alcochete, qui trouve son origine dans une promesse faite par les bateliers d&rsquo;Alcochete \u00e0 Notre-Dame d&rsquo;Atalaia apr\u00e8s avoir \u00e9t\u00e9 sauv\u00e9s d&rsquo;une temp\u00eate en mer.<\/p>\n<p class=\"text-align-justify\">Depuis lors, les foga\u00e7as sont un \u00e9l\u00e9ment obligatoire de ce festival, et sont vendus aux ench\u00e8res le lundi du Cirio, continuant \u00e0 s&rsquo;affirmer comme un chef-d&rsquo;\u0153uvre de la confiserie locale. Il s&rsquo;agit aujourd&rsquo;hui d&rsquo;un bonbon certifi\u00e9, que vous pouvez acheter dans les meilleures Boulangeries, P\u00e2tisseries et Boutiques locales.<\/p>\n<p>Si vous venez \u00e0 Alcochete, il est indispensable de go\u00fbter et de ramener dans vos bagages la c\u00e9l\u00e8bre Foga\u00e7a de Alcochete.<\/p>\n<p>Source : CMA<\/p>\n<p><strong><a href=\"https:\/\/www.cm-alcochete.pt\/newsletter-antiga\/noticia\/fogaca-de-alcochete-sabor-original-esta-certificada\" target=\"_blank\" rel=\"noopener\">(lire plus)<\/a><\/strong><\/p>\n<\/div>    <\/div>\n<\/div>\n<!-- \/module text -->\t        <\/div>\n\t    \t<\/div>\n\t\t    <\/div>\n\t    <!-- \/row_inner -->\n\t<\/div>\n\t<!-- \/module_row -->\n\t\t<!-- module_row -->\n\t<div  data-css_id=\"3aeb8f0\" data-lazy=\"1\" class=\"module_row themify_builder_row fullwidth tb_3aeb8f0 tf_clearfix\" >\n\t    \t\t<div class=\"row_inner col_align_bottom tf_box tf_w tf_rel\">\n\t\t\t<div  data-lazy=\"1\" style=\"width: 61%\" class=\"module_column tb-column col2-1 first tb_c952470 repeat tf_box\">\n\t    \t    \t        <div class=\"tb-column-inner tf_box tf_w\">\n\t\t    <!-- module text -->\n<div  class=\"module module-text tb_c75719c  repeat  wow\" data-tf-animation=\"fadeInLeft\" data-tf-animation_delay=\"1\" data-lazy=\"1\">\n            <div  class=\"tb_text_wrap\">\n    <p>Gastronomie<\/p>    <\/div>\n<\/div>\n<!-- \/module text --><!-- module text -->\n<div  class=\"module module-text tb_zun5975  repeat  wow\" data-tf-animation=\"fadeInLeft\" data-tf-animation_delay=\"2\" data-lazy=\"1\">\n            <div  class=\"tb_text_wrap\">\n    <p>Nature<\/p>    <\/div>\n<\/div>\n<!-- \/module text -->\t        <\/div>\n\t    \t<\/div>\n\t\t<div  data-lazy=\"1\" style=\"width: 35.8%\" class=\"module_column tb-column col2-1 last tb_eeca8a3 repeat tf_box\">\n\t    \t    \t        <div class=\"tb-column-inner tf_box tf_w\">\n\t\t    <!-- module text -->\n<div  class=\"module module-text tb_09le476  repeat  wow\" data-tf-animation=\"fadeInRight\" data-tf-animation_delay=\"1\" data-lazy=\"1\">\n            <div  class=\"tb_text_wrap\">\n    <p>Parties<\/p>    <\/div>\n<\/div>\n<!-- \/module text -->\t        <\/div>\n\t    \t<\/div>\n\t\t    <\/div>\n\t    <!-- \/row_inner -->\n\t<\/div>\n\t<!-- \/module_row -->\n\t\t<!-- module_row -->\n\t<div  data-css_id=\"fvf9783\" data-lazy=\"1\" class=\"module_row themify_builder_row builder-parallax-scrolling fullwidth_row_container tb_fvf9783 tf_clearfix\" >\n\t    <div class=\"tf_abs builder_row_cover\"><\/div>\t\t<div class=\"row_inner col_align_top tf_box tf_w tf_rel\">\n\t\t\t<div  data-lazy=\"1\" class=\"module_column tb-column col-full first tb_n0jn274 tf_box\">\n\t    \t    \t        <div class=\"tb-column-inner tf_box tf_w\">\n\t\t    <!-- module fancy heading -->\n<div  class=\"module module-fancy-heading tb_vl6f275  tb_hide_divider\" data-lazy=\"1\">\n        <h3 class=\"fancy-heading tf_textc\">\n    <span  class=\"main-head tf_block\">\n\tL'Alfoz    <\/span>\n    <span class=\"sub-head tf_block tf_rel\">\n\tUn lieu de culte, o\u00f9 le temps s'\u00e9coule tranquillement.    <\/span>\n\n    <\/h3>\n<\/div>\n<!-- \/module fancy heading -->\n<!-- module image -->\n<div  class=\"module module-image tb_gqmo275   image-center tf_mw\" data-lazy=\"1\">\n            <div class=\"image-wrap tf_rel tf_mw\">\n\t\t    <img src=\"https:\/\/restaurantealfoz.pt\/2022\/wp-content\/uploads\/2022\/11\/divisor_alfoz.png\" width=\"300\" height=\"21\" title=\"Les environs\" alt=\"Les environs\">\t\n\t\t<\/div>\n\t<!-- \/image-wrap -->\n    \n    \n<\/div>\n<!-- \/module image --><!-- module buttons -->\n<div  class=\"module module-buttons tb_f0ei275 buttons-horizontal solid  large squared\" data-lazy=\"1\">\n            \t<div class=\"module-buttons-item tf_inline_b\">\n\t    \t\t    <a href=\"https:\/\/restaurantealfoz.pt\/contactos\/\" class=\"ui builder_button brown\" target=\"_blank\" rel=\"noopener\">\n\t\t\t\t        \t\t<span class=\"tf_inline_b tf_vmiddle\">R\u00c9SERVER UNE TABLE<\/span>\n\t\t    \t\t    \t\t    <\/a>\n\t\t        \t<\/div>\n\t    <\/div>\n<!-- \/module buttons -->\n\t        <\/div>\n\t    \t<\/div>\n\t\t    <\/div>\n\t    <!-- \/row_inner -->\n\t<\/div>\n\t<!-- \/module_row -->\n\t<\/div>\n<!--\/themify_builder_content-->","protected":false},"excerpt":{"rendered":"<p>A Envolvente Uma Vila EncantadoraA tradi\u00e7\u00e3o mora aqui Estamos localizados na bela Vila de Alcochete, local desde sempre beneficiado por uma beleza paisag\u00edstica \u00edmpar.\u00a0 O Rio Tejo aqui mesmo, abra\u00e7ando a Vila e recebendo o mais maravilhoso p\u00f4r-do-sol que se pode contemplar. H\u00e1 palavras que dizem muito sobre Alcochete, como a express\u00e3o emblem\u00e1tica que define [&hellip;]<\/p>\n","protected":false},"author":1,"featured_media":0,"parent":0,"menu_order":0,"comment_status":"closed","ping_status":"closed","template":"","meta":[],"_links":{"self":[{"href":"https:\/\/restaurantealfoz.pt\/fr\/wp-json\/wp\/v2\/pages\/1265"}],"collection":[{"href":"https:\/\/restaurantealfoz.pt\/fr\/wp-json\/wp\/v2\/pages"}],"about":[{"href":"https:\/\/restaurantealfoz.pt\/fr\/wp-json\/wp\/v2\/types\/page"}],"author":[{"embeddable":true,"href":"https:\/\/restaurantealfoz.pt\/fr\/wp-json\/wp\/v2\/users\/1"}],"replies":[{"embeddable":true,"href":"https:\/\/restaurantealfoz.pt\/fr\/wp-json\/wp\/v2\/comments?post=1265"}],"version-history":[{"count":3,"href":"https:\/\/restaurantealfoz.pt\/fr\/wp-json\/wp\/v2\/pages\/1265\/revisions"}],"predecessor-version":[{"id":1300,"href":"https:\/\/restaurantealfoz.pt\/fr\/wp-json\/wp\/v2\/pages\/1265\/revisions\/1300"}],"wp:attachment":[{"href":"https:\/\/restaurantealfoz.pt\/fr\/wp-json\/wp\/v2\/media?parent=1265"}],"curies":[{"name":"wp","href":"https:\/\/api.w.org\/{rel}","templated":true}]}}