{"id":1270,"date":"2019-02-11T06:24:26","date_gmt":"2019-02-11T06:24:26","guid":{"rendered":"https:\/\/restaurantealfoz.pt\/accueil\/"},"modified":"2023-08-01T10:54:23","modified_gmt":"2023-08-01T10:54:23","slug":"accueil","status":"publish","type":"page","link":"https:\/\/restaurantealfoz.pt\/fr\/","title":{"rendered":"Accueil"},"content":{"rendered":"<!--themify_builder_content-->\n<div id=\"themify_builder_content-1270\" data-postid=\"1270\" class=\"themify_builder_content themify_builder_content-1270 themify_builder tf_clear\">\n    \t<!-- module_row -->\n\t<div  data-css_id=\"bwr8516\" data-lazy=\"1\" class=\"module_row themify_builder_row fullcover fullwidth tb_bwr8516 tb_first tf_clearfix\" >\n\t    \t    <div class=\"tf_hide row-slider tb_slider\" data-bgmode=\"fullcover\" data-sliderspeed=\"2000\">\n\t        <ul class=\"tf_abs row-slider-slides tf_clearfix\">\n\t\t    \t\t\t<li data-bg=\"https:\/\/restaurantealfoz.pt\/wp-content\/uploads\/2022\/12\/home010.jpg\" class=\"normal\">\n\t\t\t    <a class=\"row-slider-dot\" data-index=\"0\"><\/a>\n\t\t\t<\/li>\n\t\t\t\t\t\t<li data-bg=\"https:\/\/restaurantealfoz.pt\/wp-content\/uploads\/2022\/12\/home003.jpg\" class=\"normal\">\n\t\t\t    <a class=\"row-slider-dot\" data-index=\"1\"><\/a>\n\t\t\t<\/li>\n\t\t\t\t\t\t<li data-bg=\"https:\/\/restaurantealfoz.pt\/wp-content\/uploads\/2022\/12\/home007.jpg\" class=\"normal\">\n\t\t\t    <a class=\"row-slider-dot\" data-index=\"2\"><\/a>\n\t\t\t<\/li>\n\t\t\t\t\t\t<li data-bg=\"https:\/\/restaurantealfoz.pt\/wp-content\/uploads\/2022\/12\/home006.jpg\" class=\"normal\">\n\t\t\t    <a class=\"row-slider-dot\" data-index=\"3\"><\/a>\n\t\t\t<\/li>\n\t\t\t\t\t\t<li data-bg=\"https:\/\/restaurantealfoz.pt\/wp-content\/uploads\/2022\/12\/home001.jpg\" class=\"normal\">\n\t\t\t    <a class=\"row-slider-dot\" data-index=\"4\"><\/a>\n\t\t\t<\/li>\n\t\t\t\t\t\t<li data-bg=\"https:\/\/restaurantealfoz.pt\/wp-content\/uploads\/2022\/12\/home008.jpg\" class=\"normal\">\n\t\t\t    <a class=\"row-slider-dot\" data-index=\"5\"><\/a>\n\t\t\t<\/li>\n\t\t\t\t        <\/ul>\n\t        <div class=\"row-slider-nav\">\n\t    \t<a class=\"tf_abs row-slider-arrow row-slider-prev\">&lsaquo;<\/a>\n\t    \t<a class=\"tf_abs row-slider-arrow row-slider-next\">&rsaquo;<\/a>\n\t        <\/div>\n\t    <\/div>\n\t    <!-- \/.row-bgs -->\n\t    \t\t<div class=\"row_inner col_align_top tf_box tf_w tf_rel\">\n\t\t\t<div  data-lazy=\"1\" class=\"module_column tb-column col-full first tb_8olg516 tf_box\">\n\t    \t    \t        <div class=\"tb-column-inner tf_box tf_w\">\n\t\t    <!-- module fancy heading -->\n<div  class=\"module module-fancy-heading tb_brpk516  tb_hide_divider\" data-lazy=\"1\">\n        <h1 class=\"fancy-heading tf_textc\">\n    <span  class=\"main-head tf_block\">\n\tRESTAURANT ALFOZ <br>30 ANS    <\/span>\n    <span class=\"sub-head tf_block tf_rel\">\n\tFRUITS DE MER. POISSON. ALCOCHETE.    <\/span>\n\n    <\/h1>\n<\/div>\n<!-- \/module fancy heading -->\n<!-- module image -->\n<div  class=\"module module-image tb_b8bu517   image-center tf_mw\" data-lazy=\"1\">\n            <div class=\"image-wrap tf_rel tf_mw\">\n\t\t    <img src=\"https:\/\/restaurantealfoz.pt\/2022\/wp-content\/uploads\/2022\/11\/divisor_alfoz.png\" width=\"300\" height=\"21\" title=\"Accueil\" alt=\"Accueil\">\t\n\t\t<\/div>\n\t<!-- \/image-wrap -->\n    \n    \n<\/div>\n<!-- \/module image --><!-- module buttons -->\n<div  class=\"module module-buttons tb_dgh2517 buttons-horizontal solid  large squared\" data-lazy=\"1\">\n            \t<div class=\"module-buttons-item tf_inline_b\">\n\t    \t\t    <a href=\"https:\/\/restaurantealfoz.pt\/fr\/menu\/\" class=\"ui builder_button tb_default_color\" >\n\t\t\t\t        \t\t<span class=\"tf_inline_b tf_vmiddle\">LE MENU<\/span>\n\t\t    \t\t    \t\t    <\/a>\n\t\t        \t<\/div>\n\t    <\/div>\n<!-- \/module buttons -->\n\t        <\/div>\n\t    \t<\/div>\n\t\t    <\/div>\n\t    <!-- \/row_inner -->\n\t<\/div>\n\t<!-- \/module_row -->\n\t\t<!-- module_row -->\n\t<div  data-lazy=\"1\" class=\"module_row themify_builder_row repeat tb_d49039f tf_clearfix\" >\n\t    \t\t<div class=\"row_inner col_align_top tf_box tf_w tf_rel\">\n\t\t\t<div  data-lazy=\"1\" class=\"module_column tb-column col-full first tb_edf5dc2 repeat tf_box\">\n\t    \t    \t        <div class=\"tb-column-inner tf_box tf_w\">\n\t\t    \t<div  data-lazy=\"1\" class=\"module_subrow themify_builder_sub_row tb_1c21584 tf_w tf_clearfix\">\n\t    \t\t<div class=\"subrow_inner gutter-none col_align_top tf_box tf_w\"  data-basecol=\"3\" data-col_tablet=\"column3-1\">\n\t\t\t<div  data-lazy=\"1\" class=\"sub_column module_column tf_box col3-1 first tb_3f04099\"> \n\t    \t    \t        <div class=\"tb-column-inner tf_box tf_w\">\n\t\t    <!-- module text -->\n<div  class=\"module module-text tb_2c51a2a  repeat \" data-lazy=\"1\">\n            <div  class=\"tb_text_wrap\">\n    <h3>Nous contacter<\/h3>\n<p>(+351) <span class=\"LrzXr zdqRlf kno-fv\"><span aria-label=\"Ligar para o n\u00famero de telefone 21 234 0668\">212 340 668*<\/span><\/span><br \/>(+351) <span class=\"LrzXr zdqRlf kno-fv\"><span aria-label=\"\">914 493 394**<\/span><\/span><\/p>\n<p><a href=\"mailto:reservas@restaurantealfoz.pt\">reservas@restaurantealfoz.pt<\/a><\/p>    <\/div>\n<\/div>\n<!-- \/module text -->\t        <\/div>\n\t    \t<\/div>\n\t\t<div  data-lazy=\"1\" class=\"sub_column module_column tf_box col3-1 middle tb_25b4c40\"> \n\t    \t    \t        <div class=\"tb-column-inner tf_box tf_w\">\n\t\t    <!-- module text -->\n<div  class=\"module module-text tb_j7rp367  repeat \" data-lazy=\"1\">\n            <div  class=\"tb_text_wrap\">\n    <h3>Horaire<\/h3>\n<p>MER &#8211; SAM : 12h30 &#8211; 15h30 et 19h30-22h30<br \/>DIM: 12:30 &#8211; 16:00<\/p>    <\/div>\n<\/div>\n<!-- \/module text -->\t        <\/div>\n\t    \t<\/div>\n\t\t<div  data-lazy=\"1\" class=\"sub_column module_column tf_box col3-1 last tb_fc8b19f\"> \n\t    \t    \t        <div class=\"tb-column-inner tf_box tf_w\">\n\t\t    <!-- module text -->\n<div  class=\"module module-text tb_f9ii368  repeat \" data-lazy=\"1\">\n            <div  class=\"tb_text_wrap\">\n    <h3>Localisation<\/h3>\n<p>Av. Dom Manuel I<br>2890-014 Alcochete<\/p>    <\/div>\n<\/div>\n<!-- \/module text -->\t        <\/div>\n\t    \t<\/div>\n\t\t    <\/div>\n\t<\/div><!-- \/themify_builder_sub_row -->\n\t\t        <\/div>\n\t    \t<\/div>\n\t\t    <\/div>\n\t    <!-- \/row_inner -->\n\t<\/div>\n\t<!-- \/module_row -->\n\t\t<!-- module_row -->\n\t<div  data-lazy=\"1\" class=\"module_row themify_builder_row repeat tb_7f1f04c tf_clearfix\" >\n\t    \t\t<div class=\"row_inner col_align_middle tf_box tf_w tf_rel\"  data-basecol=\"2\" data-col_tablet=\"column-full\">\n\t\t\t<div  data-lazy=\"1\" class=\"module_column tb-column col4-2 first tb_7928ae4 repeat tf_box\">\n\t    \t    \t        <div class=\"tb-column-inner tf_box tf_w\">\n\t\t    <!-- module fancy heading -->\n<div  class=\"module module-fancy-heading tb_d137649  tb_hide_divider\" data-lazy=\"1\">\n        <h3 class=\"fancy-heading tf_textc\">\n    <span  class=\"main-head tf_block\">\n\tBienvenue sur    <\/span>\n    <span class=\"sub-head tf_block tf_rel\">\n\t30 ans d'histoire    <\/span>\n\n    <\/h3>\n<\/div>\n<!-- \/module fancy heading -->\n<!-- module image -->\n<div  class=\"module module-image tb_giok368   image-center tf_mw\" data-lazy=\"1\">\n            <div class=\"image-wrap tf_rel tf_mw\">\n\t\t    <img src=\"https:\/\/restaurantealfoz.pt\/2022\/wp-content\/uploads\/2022\/11\/divisor_alfoz.png\" width=\"300\" height=\"21\" title=\"Accueil\" alt=\"Accueil\">\t\n\t\t<\/div>\n\t<!-- \/image-wrap -->\n    \n    \n<\/div>\n<!-- \/module image --><!-- module text -->\n<div  class=\"module module-text tb_a59a4ac  repeat \" data-lazy=\"1\">\n            <div  class=\"tb_text_wrap\">\n    <p>C&rsquo;est avec grand plaisir que nous comptons 30 ans d&rsquo;Histoire, toujours avec le bonheur de voir que les clients sont rest\u00e9s et sont des amis, et les amis de toujours recommander aujourd&rsquo;hui, comme il y a 30 ans, de nouveaux clients.<\/p>\n<p>Notre fa\u00e7on d&rsquo;\u00eatre et de recevoir est unique : la qualit\u00e9 avant tout. Nous ne renon\u00e7ons pas \u00e0 l&rsquo;excellence et \u00e0 la qualit\u00e9 que nous mettons dans notre service et dans notre menu, qui \u00e9tant vaste ne cessera jamais d&rsquo;\u00eatre s\u00e9lectif.<\/p>\n<p>Nous mettons en avant les Fruits de Mer et le Poisson Frais de March\u00e9 aux Poissons. Mais qu&rsquo;en est-il de l&rsquo;environnement ? Et le cadrage du paysage digne d&rsquo;un film cin\u00e9matographique ? Nous laissons ici \u00e0 votre imagination l&rsquo;endroit o\u00f9 Alfoz et ses vues vous emm\u00e8nent&#8230;<\/p>\n<p>Allez !<\/p>    <\/div>\n<\/div>\n<!-- \/module text --><!-- module buttons -->\n<div  class=\"module module-buttons tb_yqad959 buttons-horizontal solid  large squared\" data-lazy=\"1\">\n            \t<div class=\"module-buttons-item tf_inline_b\">\n\t    \t\t    <a href=\"https:\/\/restaurantealfoz.pt\/fr\/histoire\/\" class=\"ui builder_button brown\" >\n\t\t\t\t        \t\t<span class=\"tf_inline_b tf_vmiddle\">LIRE PLUS<\/span>\n\t\t    \t\t    \t\t    <\/a>\n\t\t        \t<\/div>\n\t    <\/div>\n<!-- \/module buttons -->\n\t        <\/div>\n\t    \t<\/div>\n\t\t<div  data-lazy=\"1\" class=\"module_column tb-column col4-2 last tb_4b18274 tf_box\">\n\t    \t    \t        <div class=\"tb-column-inner tf_box tf_w\">\n\t\t    <!-- module image -->\n<div  class=\"module module-image tb_19c5790 bordered  image-center tf_mw\" data-lazy=\"1\">\n            <div class=\"image-wrap tf_rel tf_mw\">\n\t\t    <img src=\"https:\/\/restaurantealfoz.pt\/2022\/wp-content\/uploads\/2022\/11\/seccao_home01.jpg\" width=\"550\" height=\"550\" title=\"Accueil\" alt=\"Accueil\">\t\n\t\t<\/div>\n\t<!-- \/image-wrap -->\n    \n    \n<\/div>\n<!-- \/module image --><!-- module image -->\n<div  class=\"module module-image tb_f2qu404 bordered  image-center tf_mw\" data-lazy=\"1\">\n            <div class=\"image-wrap tf_rel tf_mw\">\n\t\t    <img src=\"https:\/\/restaurantealfoz.pt\/2022\/wp-content\/uploads\/2022\/11\/seccao_home02.jpg\" width=\"550\" height=\"550\" title=\"Accueil\" alt=\"Accueil\">\t\n\t\t<\/div>\n\t<!-- \/image-wrap -->\n    \n    \n<\/div>\n<!-- \/module image -->\t        <\/div>\n\t    \t<\/div>\n\t\t    <\/div>\n\t    <!-- \/row_inner -->\n\t<\/div>\n\t<!-- \/module_row -->\n\t\t<!-- module_row -->\n\t<div  data-css_id=\"87ce21a\" data-lazy=\"1\" class=\"module_row themify_builder_row fullcover fullwidth_row_container tb_87ce21a tf_clearfix\" data-fullwidthvideo=\"https:\/\/restaurantealfoz.pt\/2022\/wp-content\/uploads\/2022\/12\/video003.mp4\" data-playonmobile=\"play\">\n\t    \t\t<div class=\"row_inner col_align_top tf_box tf_w tf_rel\">\n\t\t\t<div  data-lazy=\"1\" class=\"module_column tb-column col-full first tb_78f119c tf_box\">\n\t    \t    \t        <div class=\"tb-column-inner tf_box tf_w\">\n\t\t    <!-- module fancy heading -->\n<div  class=\"module module-fancy-heading tb_vjpv369  tb_hide_divider\" data-lazy=\"1\">\n        <h3 class=\"fancy-heading tf_textc\">\n    <span  class=\"main-head tf_block\">\n\tDe notre mer... Seulement le meilleur    <\/span>\n    <span class=\"sub-head tf_block tf_rel\">\n\tFruits de Mer et Poissons de notre c\u00f4te, judicieusement pr\u00e9par\u00e9s<br>pour ceux qui aiment notre Mer    <\/span>\n\n    <\/h3>\n<\/div>\n<!-- \/module fancy heading -->\n<!-- module image -->\n<div  class=\"module module-image tb_w3le412   image-center tf_mw\" data-lazy=\"1\">\n            <div class=\"image-wrap tf_rel tf_mw\">\n\t\t    <img src=\"https:\/\/restaurantealfoz.pt\/2022\/wp-content\/uploads\/2022\/11\/divisor_alfoz.png\" width=\"300\" height=\"21\" title=\"Accueil\" alt=\"Accueil\">\t\n\t\t<\/div>\n\t<!-- \/image-wrap -->\n    \n    \n<\/div>\n<!-- \/module image -->\t<div  data-lazy=\"1\" class=\"module_subrow themify_builder_sub_row tb_d9c56c1 tf_w tf_clearfix\">\n\t    \t\t<div class=\"subrow_inner col_align_top tf_box tf_w\"  data-basecol=\"3\" data-col_tablet=\"column-full\">\n\t\t\t<div  data-lazy=\"1\" class=\"sub_column module_column tf_box col3-1 first tb_1e13a17\"> \n\t    \t    \t<\/div>\n\t\t<div  data-lazy=\"1\" class=\"sub_column module_column tf_box col3-1 middle tb_d82c843\"> \n\t    \t    \t        <div class=\"tb-column-inner tf_box tf_w\">\n\t\t    <!-- module buttons -->\n<div  class=\"module module-buttons tb_hwt3474 buttons-horizontal solid  large squared\" data-lazy=\"1\">\n            \t<div class=\"module-buttons-item tf_inline_b\">\n\t    \t\t    <a href=\"https:\/\/restaurantealfoz.pt\/fr\/specialites\/\" class=\"ui builder_button brown\" >\n\t\t\t\t        \t\t<span class=\"tf_inline_b tf_vmiddle\">VOIR LES SP\u00c9CIALIT\u00c9S<\/span>\n\t\t    \t\t    \t\t    <\/a>\n\t\t        \t<\/div>\n\t    <\/div>\n<!-- \/module buttons -->\n\t        <\/div>\n\t    \t<\/div>\n\t\t<div  data-lazy=\"1\" class=\"sub_column module_column tf_box col3-1 last tb_3e08bff\"> \n\t    \t    \t<\/div>\n\t\t    <\/div>\n\t<\/div><!-- \/themify_builder_sub_row -->\n\t\t        <\/div>\n\t    \t<\/div>\n\t\t    <\/div>\n\t    <!-- \/row_inner -->\n\t<\/div>\n\t<!-- \/module_row -->\n\t\t<!-- module_row -->\n\t<div  data-lazy=\"1\" class=\"module_row themify_builder_row repeat tb_695ebc5 tf_clearfix\" >\n\t    \t\t<div class=\"row_inner col_align_top tf_box tf_w tf_rel\">\n\t\t\t<div  data-lazy=\"1\" class=\"module_column tb-column col-full first tb_988fad9 tf_box\">\n\t    \t    \t        <div class=\"tb-column-inner tf_box tf_w\">\n\t\t    <!-- module fancy heading -->\n<div  class=\"module module-fancy-heading tb_uf2c377  tb_hide_divider\" data-lazy=\"1\">\n        <h3 class=\"fancy-heading tf_textc\">\n    <span  class=\"main-head tf_block\">\n\tLa Lumi\u00e8re d'Alcochete    <\/span>\n    <span class=\"sub-head tf_block tf_rel\">\n\tIci, le soleil brille d'une mani\u00e8re diff\u00e9rente et le \"Sunset\" est un must.    <\/span>\n\n    <\/h3>\n<\/div>\n<!-- \/module fancy heading -->\n<!-- module image -->\n<div  class=\"module module-image tb_c4ge479   image-center tf_mw\" data-lazy=\"1\">\n            <div class=\"image-wrap tf_rel tf_mw\">\n\t\t    <img src=\"https:\/\/restaurantealfoz.pt\/2022\/wp-content\/uploads\/2022\/11\/divisor_alfoz.png\" width=\"300\" height=\"21\" title=\"Accueil\" alt=\"Accueil\">\t\n\t\t<\/div>\n\t<!-- \/image-wrap -->\n    \n    \n<\/div>\n<!-- \/module image --><!-- module buttons -->\n<div  class=\"module module-buttons tb_rjjw378 buttons-horizontal solid  large squared\" data-lazy=\"1\">\n            \t<div class=\"module-buttons-item tf_inline_b\">\n\t    \t\t    <a href=\"https:\/\/restaurantealfoz.pt\/fr\/contact\/\" class=\"ui builder_button brown\" >\n\t\t\t\t        \t\t<span class=\"tf_inline_b tf_vmiddle\">R\u00c9SERVER UNE TABLE<\/span>\n\t\t    \t\t    \t\t    <\/a>\n\t\t        \t<\/div>\n\t    <\/div>\n<!-- \/module buttons -->\n\t        <\/div>\n\t    \t<\/div>\n\t\t    <\/div>\n\t    <!-- \/row_inner -->\n\t<\/div>\n\t<!-- \/module_row -->\n\t<\/div>\n<!--\/themify_builder_content-->","protected":false},"excerpt":{"rendered":"<p>RESTAURANT ALFOZ 30 ANSFRUITS DE MER. POISSON. ALCOCHETE. LE MENU Nous contacter (+351) 212 340 668*(+351) 914 493 394** reservas@restaurantealfoz.pt Horaire MER &#8211; SAM : 12h30 &#8211; 15h30 et 19h30-22h30DIM: 12:30 &#8211; 16:00 Localisation Av. Dom Manuel I2890-014 Alcochete Bienvenue sur30 ans d&rsquo;histoire C&rsquo;est avec grand plaisir que nous comptons 30 ans d&rsquo;Histoire, toujours avec [&hellip;]<\/p>\n","protected":false},"author":1,"featured_media":0,"parent":0,"menu_order":0,"comment_status":"closed","ping_status":"closed","template":"","meta":[],"_links":{"self":[{"href":"https:\/\/restaurantealfoz.pt\/fr\/wp-json\/wp\/v2\/pages\/1270"}],"collection":[{"href":"https:\/\/restaurantealfoz.pt\/fr\/wp-json\/wp\/v2\/pages"}],"about":[{"href":"https:\/\/restaurantealfoz.pt\/fr\/wp-json\/wp\/v2\/types\/page"}],"author":[{"embeddable":true,"href":"https:\/\/restaurantealfoz.pt\/fr\/wp-json\/wp\/v2\/users\/1"}],"replies":[{"embeddable":true,"href":"https:\/\/restaurantealfoz.pt\/fr\/wp-json\/wp\/v2\/comments?post=1270"}],"version-history":[{"count":8,"href":"https:\/\/restaurantealfoz.pt\/fr\/wp-json\/wp\/v2\/pages\/1270\/revisions"}],"predecessor-version":[{"id":1343,"href":"https:\/\/restaurantealfoz.pt\/fr\/wp-json\/wp\/v2\/pages\/1270\/revisions\/1343"}],"wp:attachment":[{"href":"https:\/\/restaurantealfoz.pt\/fr\/wp-json\/wp\/v2\/media?parent=1270"}],"curies":[{"name":"wp","href":"https:\/\/api.w.org\/{rel}","templated":true}]}}