{"id":1279,"date":"2022-12-26T11:47:54","date_gmt":"2022-12-26T11:47:54","guid":{"rendered":"https:\/\/restaurantealfoz.pt\/histoire\/"},"modified":"2023-02-10T21:42:02","modified_gmt":"2023-02-10T21:42:02","slug":"histoire","status":"publish","type":"page","link":"https:\/\/restaurantealfoz.pt\/fr\/histoire\/","title":{"rendered":"Histoire"},"content":{"rendered":"<!--themify_builder_content-->\n<div id=\"themify_builder_content-1279\" data-postid=\"1279\" class=\"themify_builder_content themify_builder_content-1279 themify_builder tf_clear\">\n    \t<!-- module_row -->\n\t<div  data-lazy=\"1\" class=\"module_row themify_builder_row fullcover tb_s7gh902 tb_first tf_clearfix\" >\n\t    \t\t<div class=\"row_inner col_align_top tf_box tf_w tf_rel\">\n\t\t\t<div  data-lazy=\"1\" class=\"module_column tb-column col-full first tb_za11902 tf_box\">\n\t    \t    \t        <div class=\"tb-column-inner tf_box tf_w\">\n\t\t    <!-- module fancy heading -->\n<div  class=\"module module-fancy-heading tb_n2ag903  tb_hide_divider\" data-lazy=\"1\">\n        <h1 class=\"fancy-heading tf_textc\">\n    <span  class=\"main-head tf_block\">\n\tHistoire    <\/span>\n    <span class=\"sub-head tf_block tf_rel\">\n\t    <\/span>\n\n    <\/h1>\n<\/div>\n<!-- \/module fancy heading -->\n<!-- module image -->\n<div  class=\"module module-image tb_zz5n903   image-center tf_mw\" data-lazy=\"1\">\n            <div class=\"image-wrap tf_rel tf_mw\">\n\t\t    <img src=\"https:\/\/restaurantealfoz.pt\/2022\/wp-content\/uploads\/2022\/11\/divisor_alfoz.png\" width=\"300\" height=\"21\" title=\"Histoire\" alt=\"Histoire\">\t\n\t\t<\/div>\n\t<!-- \/image-wrap -->\n    \n    \n<\/div>\n<!-- \/module image -->\t        <\/div>\n\t    \t<\/div>\n\t\t    <\/div>\n\t    <!-- \/row_inner -->\n\t<\/div>\n\t<!-- \/module_row -->\n\t\t<!-- module_row -->\n\t<div  data-lazy=\"1\" class=\"module_row themify_builder_row repeat-none tb_r0j0509 tf_clearfix\" >\n\t    \t\t<div class=\"row_inner col_align_top tf_box tf_w tf_rel\">\n\t\t\t<div  data-lazy=\"1\" class=\"module_column tb-column col-full first tb_8fkl509 tf_box\">\n\t    \t    \t        <div class=\"tb-column-inner tf_box tf_w\">\n\t\t    <!-- module fancy heading -->\n<div  class=\"module module-fancy-heading tb_1rvt510  tb_hide_divider\" data-lazy=\"1\">\n        <h3 class=\"fancy-heading tf_textc\">\n    <span  class=\"main-head tf_block\">\n\tUne aventure pleine de bon go\u00fbt    <\/span>\n    <span class=\"sub-head tf_block tf_rel\">\n\tUne histoire sans fin    <\/span>\n\n    <\/h3>\n<\/div>\n<!-- \/module fancy heading -->\n<!-- module image -->\n<div  class=\"module module-image tb_eqjr510   image-center tf_mw\" data-lazy=\"1\">\n            <div class=\"image-wrap tf_rel tf_mw\">\n\t\t    <img src=\"https:\/\/restaurantealfoz.pt\/2022\/wp-content\/uploads\/2022\/11\/divisor_alfoz.png\" width=\"300\" height=\"21\" title=\"Histoire\" alt=\"Histoire\">\t\n\t\t<\/div>\n\t<!-- \/image-wrap -->\n    \n    \n<\/div>\n<!-- \/module image -->\t        <\/div>\n\t    \t<\/div>\n\t\t    <\/div>\n\t    <!-- \/row_inner -->\n\t<\/div>\n\t<!-- \/module_row -->\n\t\t<!-- module_row -->\n\t<div  data-lazy=\"1\" class=\"module_row themify_builder_row repeat-none tb_t9c8462 tf_clearfix\" >\n\t    \t\t<div class=\"row_inner col_align_top tf_box tf_w tf_rel\">\n\t\t\t<div  data-lazy=\"1\" class=\"module_column tb-column col4-2 first tb_r6js469 repeat tf_box\">\n\t    \t    \t        <div class=\"tb-column-inner tf_box tf_w\">\n\t\t    <!-- module text -->\n<div  class=\"module module-text tb_1713dff  repeat \" data-lazy=\"1\">\n            <div  class=\"tb_text_wrap\">\n    <p>Fond\u00e9 en 1993, Alfoz a toujours \u00e9t\u00e9 diff\u00e9rent de la Restauration standard de la R\u00e9gion.<\/p>\n<p>Innovant mais toujours li\u00e9 \u00e0 la Rivi\u00e8re et aux traditions de la Ville d&rsquo;Alcochete.<\/p>\n<p>Au fil des ans, plusieurs modifications ont \u00e9t\u00e9 apport\u00e9es, en conservant toujours le style \u00ab\u00a0Marine\u00a0\u00bb con\u00e7u par le c\u00e9l\u00e8bre architecte W. de La Cavalleria Sangareau, avec Ant\u00f3nio Bivar Segurado en charge de la d\u00e9coration int\u00e9rieure.<\/p>    <\/div>\n<\/div>\n<!-- \/module text -->\t        <\/div>\n\t    \t<\/div>\n\t\t<div  data-lazy=\"1\" class=\"module_column tb-column col4-2 last tb_6dc7f32 tf_box\">\n\t    \t    \t        <div class=\"tb-column-inner tf_box tf_w\">\n\t\t    <!-- module text -->\n<div  class=\"module module-text tb_9q6w469  repeat \" data-lazy=\"1\">\n            <div  class=\"tb_text_wrap\">\n    <div class=\"block two text-container\">\n<p>Aujourd&rsquo;hui, trente ans apr\u00e8s son inauguration, au milieu du 21e si\u00e8cle, la XXI, Alfoz est une r\u00e9f\u00e9rence nationale, o\u00f9 la vue imprenable sur le Tage n&rsquo;est qu&rsquo;un d\u00e9but&#8230;<\/p>\n<p>Sous la baguette de Jos\u00e9 Costa et Fernando Pessoa, l&rsquo;avenir est aujourd&rsquo;hui, car l&rsquo;excellence et l&rsquo;exigence que tous deux mettent dans le service fourni, font de chaque jour une exp\u00e9rience inoubliable.<\/p>\n<\/div>    <\/div>\n<\/div>\n<!-- \/module text --><!-- module image -->\n<div  class=\"module module-image tb_5mst580 bordered  image-top tf_mw\" data-lazy=\"1\">\n            <div class=\"image-wrap tf_rel tf_mw\">\n\t\t    <img decoding=\"async\" loading=\"lazy\" width=\"1000\" height=\"700\" src=\"https:\/\/restaurantealfoz.pt\/wp-content\/uploads\/2023\/01\/seccao_a_historia01.jpg\" class=\"wp-post-image wp-image-1118\" title=\"Histoire\" alt=\"Histoire\" srcset=\"https:\/\/restaurantealfoz.pt\/wp-content\/uploads\/2023\/01\/seccao_a_historia01.jpg 1000w, https:\/\/restaurantealfoz.pt\/wp-content\/uploads\/2023\/01\/seccao_a_historia01-300x210.jpg 300w, https:\/\/restaurantealfoz.pt\/wp-content\/uploads\/2023\/01\/seccao_a_historia01-768x538.jpg 768w\" sizes=\"(max-width: 1000px) 100vw, 1000px\" \/>\t\n\t\t<\/div>\n\t<!-- \/image-wrap -->\n    \n    \n<\/div>\n<!-- \/module image -->\t        <\/div>\n\t    \t<\/div>\n\t\t    <\/div>\n\t    <!-- \/row_inner -->\n\t<\/div>\n\t<!-- \/module_row -->\n\t\t<!-- module_row -->\n\t<div  data-css_id=\"ivzh613\" data-lazy=\"1\" class=\"module_row themify_builder_row fullcover fullwidth_row_container tb_ivzh613 tf_clearfix\" >\n\t    <style>.tb_ivzh613{animation:bg-animation-horizontally-ivzh613 70s linear infinite!important;background-repeat:repeat!important}@keyframes bg-animation-horizontally-ivzh613{\n\t\t\t\t\t\t\tfrom{background-position:0 0}\n\t\t\t\t\t\t\tto{background-position:-3600px 0}\n\t\t\t\t\t}<\/style><div class=\"tf_abs builder_row_cover\"><\/div>\t\t<div class=\"row_inner col_align_top tf_box tf_w tf_rel\">\n\t\t\t<div  data-lazy=\"1\" class=\"module_column tb-column col-full first tb_zrhw614 tf_box\">\n\t    \t    \t        <div class=\"tb-column-inner tf_box tf_w\">\n\t\t    <!-- module fancy heading -->\n<div  class=\"module module-fancy-heading tb_rl8l614  tb_hide_divider\" data-lazy=\"1\">\n        <h3 class=\"fancy-heading tf_textc\">\n    <span  class=\"main-head tf_block\">\n\tRejoignez l'Histoire...    <\/span>\n    <span class=\"sub-head tf_block tf_rel\">\n\t    <\/span>\n\n    <\/h3>\n<\/div>\n<!-- \/module fancy heading -->\n<!-- module image -->\n<div  class=\"module module-image tb_ahjb614   image-center tf_mw\" data-lazy=\"1\">\n            <div class=\"image-wrap tf_rel tf_mw\">\n\t\t    <img src=\"https:\/\/restaurantealfoz.pt\/2022\/wp-content\/uploads\/2022\/11\/divisor_alfoz.png\" width=\"300\" height=\"21\" title=\"Histoire\" alt=\"Histoire\">\t\n\t\t<\/div>\n\t<!-- \/image-wrap -->\n    \n    \n<\/div>\n<!-- \/module image -->\t<div  data-lazy=\"1\" class=\"module_subrow themify_builder_sub_row tb_zh2d615 tf_w tf_clearfix\">\n\t    \t\t<div class=\"subrow_inner col_align_top tf_box tf_w\"  data-basecol=\"3\" data-col_tablet=\"column-full\">\n\t\t\t<div  data-lazy=\"1\" class=\"sub_column module_column tf_box col3-1 first tb_86q1616\"> \n\t    \t    \t<\/div>\n\t\t<div  data-lazy=\"1\" class=\"sub_column module_column tf_box col3-1 middle tb_fo5a616\"> \n\t    \t    \t        <div class=\"tb-column-inner tf_box tf_w\">\n\t\t    <!-- module buttons -->\n<div  class=\"module module-buttons tb_76m4616 buttons-horizontal solid  large squared\" data-lazy=\"1\">\n            \t<div class=\"module-buttons-item tf_inline_b\">\n\t    \t\t    <a href=\"https:\/\/restaurantealfoz.pt\/fr\/contact\/\" class=\"ui builder_button brown\" >\n\t\t\t\t        \t\t<span class=\"tf_inline_b tf_vmiddle\">R\u00c9SERVER UNE TABLE<\/span>\n\t\t    \t\t    \t\t    <\/a>\n\t\t        \t<\/div>\n\t    <\/div>\n<!-- \/module buttons -->\n\t        <\/div>\n\t    \t<\/div>\n\t\t<div  data-lazy=\"1\" class=\"sub_column module_column tf_box col3-1 last tb_zzyx616\"> \n\t    \t    \t<\/div>\n\t\t    <\/div>\n\t<\/div><!-- \/themify_builder_sub_row -->\n\t\t        <\/div>\n\t    \t<\/div>\n\t\t    <\/div>\n\t    <!-- \/row_inner -->\n\t<\/div>\n\t<!-- \/module_row -->\n\t\t<!-- module_row -->\n\t<div  data-css_id=\"5b9a8aa\" data-lazy=\"1\" class=\"module_row themify_builder_row repeat-none fullwidth_row_container tb_5b9a8aa tf_clearfix\" >\n\t    \t\t<div class=\"row_inner col_align_top tf_box tf_w tf_rel\">\n\t\t\t<div  data-lazy=\"1\" class=\"module_column tb-column col-full first tb_4d89ffa repeat tf_box\">\n\t    \t    \t        <div class=\"tb-column-inner tf_box tf_w\">\n\t\t    <!-- module fancy heading -->\n<div  class=\"module module-fancy-heading tb_fzcn877  tb_hide_divider\" data-lazy=\"1\">\n        <h3 class=\"fancy-heading tf_textc\">\n    <span  class=\"main-head tf_block\">\n\tUn restaurant fascinant    <\/span>\n    <span class=\"sub-head tf_block tf_rel\">\n\tCe que nous proposons    <\/span>\n\n    <\/h3>\n<\/div>\n<!-- \/module fancy heading -->\n<!-- module image -->\n<div  class=\"module module-image tb_qexq221   image-center tf_mw\" data-lazy=\"1\">\n            <div class=\"image-wrap tf_rel tf_mw\">\n\t\t    <img src=\"https:\/\/restaurantealfoz.pt\/2022\/wp-content\/uploads\/2022\/11\/divisor_alfoz.png\" width=\"300\" height=\"21\" title=\"Histoire\" alt=\"Histoire\">\t\n\t\t<\/div>\n\t<!-- \/image-wrap -->\n    \n    \n<\/div>\n<!-- \/module image -->\t<div  data-lazy=\"1\" class=\"module_subrow themify_builder_sub_row repeat tb_54f953f tf_w tf_clearfix\">\n\t    \t\t<div class=\"subrow_inner col_align_top tf_box tf_w\"  data-basecol=\"3\" data-col_tablet=\"column4-2\" data-col_tablet_landscape=\"column4-1\">\n\t\t\t<div  data-lazy=\"1\" class=\"sub_column module_column tf_box col3-1 first tb_b404982\" > \n\t    \t    \t        <div class=\"tb-column-inner tf_box tf_w\">\n\t\t    <!-- module text -->\n<div  class=\"module module-text tb_c55dbf0  repeat \" data-lazy=\"1\">\n            <div  class=\"tb_text_wrap\">\n    <p>2<\/p>    <\/div>\n<\/div>\n<!-- \/module text --><!-- module text -->\n<div  class=\"module module-text tb_82250a4  repeat \" data-lazy=\"1\">\n            <div  class=\"tb_text_wrap\">\n    <h3>Le Chef<\/h3>\n<p>La cuisine par ceux qui savent. Nous avons deux grands chefs, sp\u00e9cialis\u00e9s dans la cuisine traditionnelle portugaise, les fruits de mer et les plats de poisson. <\/p>    <\/div>\n<\/div>\n<!-- \/module text -->\t        <\/div>\n\t    \t<\/div>\n\t\t<div  data-lazy=\"1\" class=\"sub_column module_column tf_box col3-1 middle tb_52a9716\" > \n\t    \t    \t        <div class=\"tb-column-inner tf_box tf_w\">\n\t\t    <!-- module text -->\n<div  class=\"module module-text tb_4fcd475  repeat \" data-lazy=\"1\">\n            <div  class=\"tb_text_wrap\">\n    <p>12<\/p>    <\/div>\n<\/div>\n<!-- \/module text --><!-- module text -->\n<div  class=\"module module-text tb_ama7475  repeat \" data-lazy=\"1\">\n            <div  class=\"tb_text_wrap\">\n    <h3>Fruits de Mer<\/h3>\n<p>Chaque jour, vous trouverez une \u00e9norme vari\u00e9t\u00e9 de Fruits de Mer dans notre vitrine, et il y a des jours o\u00f9 la mer nous apporte des surprises hors du Menu. Visitez-nous et voyez par vous-m\u00eame !<\/p>    <\/div>\n<\/div>\n<!-- \/module text -->\t        <\/div>\n\t    \t<\/div>\n\t\t<div  data-lazy=\"1\" class=\"sub_column module_column tf_box col3-1 last tb_3cece3b\" > \n\t    \t    \t        <div class=\"tb-column-inner tf_box tf_w\">\n\t\t    <!-- module text -->\n<div  class=\"module module-text tb_uauw473  repeat \" data-lazy=\"1\">\n            <div  class=\"tb_text_wrap\">\n    <p>365<\/p>    <\/div>\n<\/div>\n<!-- \/module text --><!-- module text -->\n<div  class=\"module module-text tb_evcc473  repeat \" data-lazy=\"1\">\n            <div  class=\"tb_text_wrap\">\n    <h3>Jours de Coucher de Soleil<\/h3>\n<p>Chaque jour est un jour d&rsquo;un incroyable \u00ab\u00a0Sunset\u00a0\u00bb \u00e0 Alcochete. De notre Restaurant le privil\u00e8ge est unique pour en profiter ! <\/p>    <\/div>\n<\/div>\n<!-- \/module text -->\t        <\/div>\n\t    \t<\/div>\n\t\t    <\/div>\n\t<\/div><!-- \/themify_builder_sub_row -->\n\t\t        <\/div>\n\t    \t<\/div>\n\t\t    <\/div>\n\t    <!-- \/row_inner -->\n\t<\/div>\n\t<!-- \/module_row -->\n\t\t<!-- module_row -->\n\t<div  data-css_id=\"3aeb8f0\" data-lazy=\"1\" class=\"module_row themify_builder_row fullwidth tb_3aeb8f0 tf_clearfix\" >\n\t    \t\t<div class=\"row_inner col_align_bottom tf_box tf_w tf_rel\">\n\t\t\t<div  data-lazy=\"1\" style=\"width: 61%\" class=\"module_column tb-column col2-1 first tb_c952470 repeat tf_box\">\n\t    \t    \t        <div class=\"tb-column-inner tf_box tf_w\">\n\t\t    <!-- module text -->\n<div  class=\"module module-text tb_c75719c  repeat \" data-lazy=\"1\">\n            <div  class=\"tb_text_wrap\">\n    <p>Fruits de Mer<\/p>    <\/div>\n<\/div>\n<!-- \/module text --><!-- module text -->\n<div  class=\"module module-text tb_09le476  repeat \" data-lazy=\"1\">\n            <div  class=\"tb_text_wrap\">\n    <p>Poisson de Mer<\/p>    <\/div>\n<\/div>\n<!-- \/module text -->\t        <\/div>\n\t    \t<\/div>\n\t\t<div  data-lazy=\"1\" style=\"width: 35.8%\" class=\"module_column tb-column col2-1 last tb_eeca8a3 repeat tf_box\">\n\t    \t    \t<\/div>\n\t\t    <\/div>\n\t    <!-- \/row_inner -->\n\t<\/div>\n\t<!-- \/module_row -->\n\t<\/div>\n<!--\/themify_builder_content-->","protected":false},"excerpt":{"rendered":"<p>Histoire Une aventure pleine de bon go\u00fbtUne histoire sans fin Fond\u00e9 en 1993, Alfoz a toujours \u00e9t\u00e9 diff\u00e9rent de la Restauration standard de la R\u00e9gion. Innovant mais toujours li\u00e9 \u00e0 la Rivi\u00e8re et aux traditions de la Ville d&rsquo;Alcochete. Au fil des ans, plusieurs modifications ont \u00e9t\u00e9 apport\u00e9es, en conservant toujours le style \u00ab\u00a0Marine\u00a0\u00bb con\u00e7u [&hellip;]<\/p>\n","protected":false},"author":1,"featured_media":0,"parent":0,"menu_order":0,"comment_status":"closed","ping_status":"closed","template":"","meta":[],"_links":{"self":[{"href":"https:\/\/restaurantealfoz.pt\/fr\/wp-json\/wp\/v2\/pages\/1279"}],"collection":[{"href":"https:\/\/restaurantealfoz.pt\/fr\/wp-json\/wp\/v2\/pages"}],"about":[{"href":"https:\/\/restaurantealfoz.pt\/fr\/wp-json\/wp\/v2\/types\/page"}],"author":[{"embeddable":true,"href":"https:\/\/restaurantealfoz.pt\/fr\/wp-json\/wp\/v2\/users\/1"}],"replies":[{"embeddable":true,"href":"https:\/\/restaurantealfoz.pt\/fr\/wp-json\/wp\/v2\/comments?post=1279"}],"version-history":[{"count":5,"href":"https:\/\/restaurantealfoz.pt\/fr\/wp-json\/wp\/v2\/pages\/1279\/revisions"}],"predecessor-version":[{"id":1308,"href":"https:\/\/restaurantealfoz.pt\/fr\/wp-json\/wp\/v2\/pages\/1279\/revisions\/1308"}],"wp:attachment":[{"href":"https:\/\/restaurantealfoz.pt\/fr\/wp-json\/wp\/v2\/media?parent=1279"}],"curies":[{"name":"wp","href":"https:\/\/api.w.org\/{rel}","templated":true}]}}